{"id":35807,"date":"2017-10-27T00:33:58","date_gmt":"2017-10-27T00:33:58","guid":{"rendered":"http:\/\/www.splinterenergia.com\/politica-de-cookies\/"},"modified":"2017-11-29T16:38:37","modified_gmt":"2017-11-29T16:38:37","slug":"politica-sui-cookie","status":"publish","type":"page","link":"https:\/\/www.splinterenergia.com\/it\/politica-sui-cookie\/","title":{"rendered":"Politica sui cookie"},"content":{"rendered":"<div class=\"wpb-content-wrapper\"><div class=\"vc_row wpb_row vc_row-fluid dt-default\" style=\"margin-top: 0px;margin-bottom: 0px\"><div class=\"wpb_column vc_column_container vc_col-sm-12\"><div class=\"vc_column-inner\"><div class=\"wpb_wrapper\">\n\t<div class=\"wpb_text_column wpb_content_element \" >\n\t\t<div class=\"wpb_wrapper\">\n\t\t\t<p><span style=\"color: #3a3a3a;\"><span style=\"font-family: Arial, sans-serif;\"><span style=\"font-size: small;\"><span lang=\"it-IT\">Un <\/span><\/span><\/span><\/span><em class=\"western\"><span style=\"color: #3a3a3a;\"><span style=\"font-family: Arial, sans-serif;\"><span style=\"font-size: small;\"><span lang=\"it-IT\">cookie<\/span><\/span><\/span><\/span><\/em><span style=\"color: #3a3a3a;\"><span style=\"font-family: Arial, sans-serif;\"><span style=\"font-size: small;\"><span lang=\"it-IT\"> \u00e8 un piccolo file di testo che viene memorizzato nel proprio browser quando si visita praticamente qualsiasi sito web. \u00c8 utile in quanto il web \u00e8 cos\u00ec in grado di ricordare la visita quando si torna a navigare nello stesso sito. Nei <\/span><\/span><\/span><\/span><em class=\"western\"><span style=\"color: #3a3a3a;\"><span style=\"font-family: Arial, sans-serif;\"><span style=\"font-size: small;\"><span lang=\"it-IT\">cookie<\/span><\/span><\/span><\/span><\/em><span style=\"color: #3a3a3a;\"><span style=\"font-family: Arial, sans-serif;\"><span style=\"font-size: small;\"><span lang=\"it-IT\"> di solito si memorizzano informazioni di carattere tecnico, preferenze personali, personalizzazione dei contenuti, statistiche sull\u2019uso, link a social network, accesso ad account dell&#8217;utente, ecc. L&#8217;obiettivo dei <\/span><\/span><\/span><\/span><em class=\"western\"><span style=\"color: #3a3a3a;\"><span style=\"font-family: Arial, sans-serif;\"><span style=\"font-size: small;\"><span lang=\"it-IT\">cookie<\/span><\/span><\/span><\/span><\/em><span style=\"color: #3a3a3a;\"><span style=\"font-family: Arial, sans-serif;\"><span style=\"font-size: small;\"><span lang=\"it-IT\"> \u00e8 adattare il contenuto del web al profilo e alle esigenze dell&#8217;utente, perci\u00f2 senza di essi i servizi offerti da qualunque sito si limiterebbero notevolmente. Sono fornite di seguito ulteriori informazioni sui <\/span><\/span><\/span><\/span><em class=\"western\"><span style=\"color: #3a3a3a;\"><span style=\"font-family: Arial, sans-serif;\"><span style=\"font-size: small;\"><span lang=\"it-IT\">cookie<\/span><\/span><\/span><\/span><\/em><span style=\"color: #3a3a3a;\"><span style=\"font-family: Arial, sans-serif;\"><span style=\"font-size: small;\"><span lang=\"it-IT\">, sui loro contenuti, sulla loro eliminazione, disattivazione, ecc.<\/span><\/span><\/span><\/span><\/p>\n<p><span style=\"color: #000000;\"><span style=\"font-family: Arial, sans-serif;\"><span style=\"font-size: x-large;\">Cookie impiegati in questo sito web<\/span><\/span><\/span><\/p>\n<p><span style=\"color: #3a3a3a;\"><span style=\"font-family: Arial, sans-serif;\"><span style=\"font-size: small;\"><span lang=\"it-IT\">Seguendo le direttrici dell&#8217;Agenzia Spagnola di Tutela della privacy, \u00e8 descritto dettagliatamente l&#8217;uso dei <\/span><\/span><\/span><\/span><em class=\"western\"><span style=\"color: #3a3a3a;\"><span style=\"font-family: Arial, sans-serif;\"><span style=\"font-size: small;\"><span lang=\"it-IT\">cookie<\/span><\/span><\/span><\/span><\/em><span style=\"color: #3a3a3a;\"><span style=\"font-family: Arial, sans-serif;\"><span style=\"font-size: small;\"><span lang=\"it-IT\"> in questo sito web allo scopo di informare l&#8217;utente con la massima precisione possibile.<\/span><\/span><\/span><\/span><\/p>\n<p><span style=\"color: #3a3a3a;\"><span style=\"font-family: Arial, sans-serif;\"><span style=\"font-size: small;\"><span lang=\"it-IT\">In questo sito web sono impiegati i seguenti <\/span><\/span><\/span><\/span><strong class=\"western\"><span style=\"color: #3a3a3a;\"><span style=\"font-family: Arial, sans-serif;\"><span style=\"font-size: small;\"><span lang=\"it-IT\">cookie propri<\/span><\/span><\/span><\/span><\/strong><span style=\"color: #3a3a3a;\"><span style=\"font-family: Arial, sans-serif;\"><span style=\"font-size: small;\"><span lang=\"it-IT\">:<\/span><\/span><\/span><\/span><\/p>\n<ul>\n<li><span style=\"color: #3a3a3a;\"><span style=\"font-family: Arial, sans-serif;\"><span style=\"font-size: small;\"><span lang=\"it-IT\">Cookie di sessione, per garantire che gli utenti che scrivono commenti nel blog siano esseri umani e non applicazioni automatizzate. In tal modo si evita lo <\/span><\/span><\/span><\/span><em class=\"western\"><span style=\"color: #3a3a3a;\"><span style=\"font-family: Arial, sans-serif;\"><span style=\"font-size: small;\"><span lang=\"it-IT\">spam<\/span><\/span><\/span><\/span><\/em><span style=\"color: #3a3a3a;\"><span style=\"font-family: Arial, sans-serif;\"><span style=\"font-size: small;\"><span lang=\"it-IT\">.<\/span><\/span><\/span><\/span><\/li>\n<\/ul>\n<p><span style=\"color: #3a3a3a;\"><span style=\"font-family: Arial, sans-serif;\"><span style=\"font-size: small;\"><span lang=\"it-IT\">In questo sito web sono impiegati i seguenti <\/span><\/span><\/span><\/span><strong class=\"western\"><span style=\"color: #3a3a3a;\"><span style=\"font-family: Arial, sans-serif;\"><span style=\"font-size: small;\"><span lang=\"it-IT\">cookie di terzi<\/span><\/span><\/span><\/span><\/strong><span style=\"color: #3a3a3a;\"><span style=\"font-family: Arial, sans-serif;\"><span style=\"font-size: small;\"><span lang=\"it-IT\">:<\/span><\/span><\/span><\/span><\/p>\n<ul>\n<li><span style=\"color: #3a3a3a;\"><span style=\"font-family: Arial, sans-serif;\"><span style=\"font-size: small;\"><span lang=\"it-IT\">Google Analytics: si avvale dei <\/span><\/span><\/span><\/span><em class=\"western\"><span style=\"color: #3a3a3a;\"><span style=\"font-family: Arial, sans-serif;\"><span style=\"font-size: small;\"><span lang=\"it-IT\">cookie<\/span><\/span><\/span><\/span><\/em><span style=\"color: #3a3a3a;\"><span style=\"font-family: Arial, sans-serif;\"><span style=\"font-size: small;\"><span lang=\"it-IT\"> per poter elaborare statistiche sul traffico e sul volume di visite di questo sito web. L&#8217;utente che usa questo sito web sta consentendo all&#8217;elaborazione delle informazioni relative a s\u00e9 stesso da parte di Google. Perci\u00f2 la volont\u00e0 di esercitare qualsiasi diritto in tal senso deve essere comunicata direttamente a Google.<\/span><\/span><\/span><\/span><\/li>\n<li><span style=\"color: #3a3a3a;\"><span style=\"font-family: Arial, sans-serif;\"><span style=\"font-size: small;\"><span lang=\"it-IT\">Social network: ogni social network si avvale dei propri <\/span><\/span><\/span><\/span><em class=\"western\"><span style=\"color: #3a3a3a;\"><span style=\"font-family: Arial, sans-serif;\"><span style=\"font-size: small;\"><span lang=\"it-IT\">cookie<\/span><\/span><\/span><\/span><\/em><span style=\"color: #3a3a3a;\"><span style=\"font-family: Arial, sans-serif;\"><span style=\"font-size: small;\"><span lang=\"it-IT\"> per consentire all&#8217;utente di cliccare su <\/span><\/span><\/span><\/span><em class=\"western\"><span style=\"color: #3a3a3a;\"><span style=\"font-family: Arial, sans-serif;\"><span style=\"font-size: small;\"><span lang=\"it-IT\">Mi piace<\/span><\/span><\/span><\/span><\/em><span style=\"color: #3a3a3a;\"><span style=\"font-family: Arial, sans-serif;\"><span style=\"font-size: small;\"><span lang=\"it-IT\"> o <\/span><\/span><\/span><\/span><em class=\"western\"><span style=\"color: #3a3a3a;\"><span style=\"font-family: Arial, sans-serif;\"><span style=\"font-size: small;\"><span lang=\"it-IT\">Condividi<\/span><\/span><\/span><\/span><\/em><span style=\"color: #3a3a3a;\"><span style=\"font-family: Arial, sans-serif;\"><span style=\"font-size: small;\"><span lang=\"it-IT\">.<\/span><\/span><\/span><\/span><\/li>\n<\/ul>\n<p><span style=\"color: #000000;\"><span style=\"font-family: Arial, sans-serif;\"><span style=\"font-size: x-large;\">Disattivazione o eliminazione dei cookie<\/span><\/span><\/span><\/p>\n<p lang=\"it-IT\"><span style=\"color: #3a3a3a;\"><span style=\"font-family: Arial, sans-serif;\"><span style=\"font-size: small;\">\u00c8 possibile esercitare il proprio diritto di disattivare o eliminare i cookie di questo sito web in qualsiasi momento. Le operazioni da eseguire per farlo variano in funzione del browser impiegato.<\/span><\/span><\/span><\/p>\n<p><span style=\"color: #000000;\"><span style=\"font-family: Arial, sans-serif;\"><span style=\"font-size: x-large;\">Note aggiuntive<\/span><\/span><\/span><\/p>\n<ul>\n<li><span style=\"color: #3a3a3a;\"><span style=\"font-family: Arial, sans-serif;\"><span style=\"font-size: small;\"><span lang=\"it-IT\">Questo sito web e i relativi rappresentanti legali declinano ogni responsabilit\u00e0 riguardo al contenuto e alla veracit\u00e0 delle politiche sulla privacy delle terze parti citate nella sezione dedicata alla politica sui <\/span><\/span><\/span><\/span><em class=\"western\"><span style=\"color: #3a3a3a;\"><span style=\"font-family: Arial, sans-serif;\"><span style=\"font-size: small;\"><span lang=\"it-IT\">cookie<\/span><\/span><\/span><\/span><\/em><span style=\"color: #3a3a3a;\"><span style=\"font-family: Arial, sans-serif;\"><span style=\"font-size: small;\"><span lang=\"it-IT\">.<\/span><\/span><\/span><\/span><\/li>\n<li><span style=\"color: #3a3a3a;\"><span style=\"font-family: Arial, sans-serif;\"><span style=\"font-size: small;\"><span lang=\"it-IT\">I browser sono gli strumenti incaricati di memorizzare i <\/span><\/span><\/span><\/span><em class=\"western\"><span style=\"color: #3a3a3a;\"><span style=\"font-family: Arial, sans-serif;\"><span style=\"font-size: small;\"><span lang=\"it-IT\">cookie<\/span><\/span><\/span><\/span><\/em><span style=\"color: #3a3a3a;\"><span style=\"font-family: Arial, sans-serif;\"><span style=\"font-size: small;\"><span lang=\"it-IT\"> e proprio dai browser deve essere esercitato il proprio diritto di eliminare o disattivarli. Questo sito web, n\u00e9 i propri legali rappresentanti possono garantire il corretto o errato uso dei <\/span><\/span><\/span><\/span><em class=\"western\"><span style=\"color: #3a3a3a;\"><span style=\"font-family: Arial, sans-serif;\"><span style=\"font-size: small;\"><span lang=\"it-IT\">cookie<\/span><\/span><\/span><\/span><\/em><span style=\"color: #3a3a3a;\"><span style=\"font-family: Arial, sans-serif;\"><span style=\"font-size: small;\"><span lang=\"it-IT\"> da parte dei browser.<\/span><\/span><\/span><\/span><\/li>\n<li><span style=\"color: #3a3a3a;\"><span style=\"font-family: Arial, sans-serif;\"><span style=\"font-size: small;\"><span lang=\"it-IT\">In alcuni casi \u00e8 necessario installare <\/span><\/span><\/span><\/span><em class=\"western\"><span style=\"color: #3a3a3a;\"><span style=\"font-family: Arial, sans-serif;\"><span style=\"font-size: small;\"><span lang=\"it-IT\">cookie<\/span><\/span><\/span><\/span><\/em><span style=\"color: #3a3a3a;\"><span style=\"font-family: Arial, sans-serif;\"><span style=\"font-size: small;\"><span lang=\"it-IT\"> per evitare che il browser dimentichi la decisione dell&#8217;utente di non accettarli.<\/span><\/span><\/span><\/span><\/li>\n<li><span style=\"color: #3a3a3a;\"><span style=\"font-family: Arial, sans-serif;\"><span style=\"font-size: small;\"><span lang=\"it-IT\">Per quanto riguarda i <\/span><\/span><\/span><\/span><em class=\"western\"><span style=\"color: #3a3a3a;\"><span style=\"font-family: Arial, sans-serif;\"><span style=\"font-size: small;\"><span lang=\"it-IT\">cookie<\/span><\/span><\/span><\/span><\/em><span style=\"color: #3a3a3a;\"><span style=\"font-family: Arial, sans-serif;\"><span style=\"font-size: small;\"><span lang=\"it-IT\"> di Google Analytics, questa azienda memorizza i <\/span><\/span><\/span><\/span><em class=\"western\"><span style=\"color: #3a3a3a;\"><span style=\"font-family: Arial, sans-serif;\"><span style=\"font-size: small;\"><span lang=\"it-IT\">cookie<\/span><\/span><\/span><\/span><\/em><span style=\"color: #3a3a3a;\"><span style=\"font-family: Arial, sans-serif;\"><span style=\"font-size: small;\"><span lang=\"it-IT\"> in server situati negli Stati Uniti e si impegna a non condividerli con terze parti, salvo nei casi in cui sia necessario per il funzionamento del sistema o quando la legge stabilisca un obbligo in tal senso. Google afferma che non viene memorizzato l&#8217;indirizzo IP dell&#8217;utente. Google Inc. \u00e8 una societ\u00e0 che ha aderito all&#8217;accordo sui principi di approdo sicuro in materia di riservatezza, che garantisce che tutti i dati trasferiti saranno trattati con un livello di tutela conforme alla normativa europea. In questo link si possono reperire informazioni dettagliate al riguardo. Per ulteriori informazioni sull&#8217;uso dei cookie da parte di Google, si prega di consultare questo link.<\/span><\/span><\/span><\/span><\/li>\n<\/ul>\n\n\t\t<\/div>\n\t<\/div>\n<\/div><\/div><\/div><\/div>\n<\/div>","protected":false},"excerpt":{"rendered":"<p>Un cookie \u00e8 un piccolo file di testo che viene memorizzato nel proprio browser quando si visita praticamente qualsiasi sito web. \u00c8 utile in quanto il web \u00e8 cos\u00ec in grado di ricordare la visita quando si torna a navigare nello stesso sito. Nei cookie di solito si memorizzano informazioni di carattere tecnico, preferenze personali,&hellip;<\/p>\n","protected":false},"author":1,"featured_media":0,"parent":0,"menu_order":0,"comment_status":"closed","ping_status":"closed","template":"","meta":{"footnotes":""},"class_list":["post-35807","page","type-page","status-publish","hentry","description-off"],"_links":{"self":[{"href":"https:\/\/www.splinterenergia.com\/it\/wp-json\/wp\/v2\/pages\/35807","targetHints":{"allow":["GET"]}}],"collection":[{"href":"https:\/\/www.splinterenergia.com\/it\/wp-json\/wp\/v2\/pages"}],"about":[{"href":"https:\/\/www.splinterenergia.com\/it\/wp-json\/wp\/v2\/types\/page"}],"author":[{"embeddable":true,"href":"https:\/\/www.splinterenergia.com\/it\/wp-json\/wp\/v2\/users\/1"}],"replies":[{"embeddable":true,"href":"https:\/\/www.splinterenergia.com\/it\/wp-json\/wp\/v2\/comments?post=35807"}],"version-history":[{"count":3,"href":"https:\/\/www.splinterenergia.com\/it\/wp-json\/wp\/v2\/pages\/35807\/revisions"}],"predecessor-version":[{"id":35811,"href":"https:\/\/www.splinterenergia.com\/it\/wp-json\/wp\/v2\/pages\/35807\/revisions\/35811"}],"wp:attachment":[{"href":"https:\/\/www.splinterenergia.com\/it\/wp-json\/wp\/v2\/media?parent=35807"}],"curies":[{"name":"wp","href":"https:\/\/api.w.org\/{rel}","templated":true}]}}