{"id":35798,"date":"2017-10-27T01:16:17","date_gmt":"2017-10-27T01:16:17","guid":{"rendered":"http:\/\/www.splinterenergia.com\/aviso-legal\/"},"modified":"2018-05-06T17:51:30","modified_gmt":"2018-05-06T17:51:30","slug":"avvertenze-legali","status":"publish","type":"page","link":"https:\/\/www.splinterenergia.com\/it\/avvertenze-legali\/","title":{"rendered":"Avvertenze Legali"},"content":{"rendered":"<div class=\"wpb-content-wrapper\"><div class=\"vc_row wpb_row vc_row-fluid dt-default\" style=\"margin-top: 0px;margin-bottom: 0px\"><div class=\"wpb_column vc_column_container vc_col-sm-12\"><div class=\"vc_column-inner\"><div class=\"wpb_wrapper\">\n\t<div class=\"wpb_text_column wpb_content_element \" >\n\t\t<div class=\"wpb_wrapper\">\n\t\t\t<p>Ai sensi dell&#8217;articolo 10 della Legge 34\/2002, 11 luglio, sui servizi della societ\u00e0 dell&#8217;informazione e del commercio elettronico, si informa l&#8217;utente che il titolare di questo sito web \u00e8 <strong>Splinter Energ\u00eda<\/strong>, con sede in <strong>C\/ Esquiroz Bidea, 6 Ofic. N\u00ba1, 31190 CIZUR MENOR, Navarra, Espa\u00f1<\/strong>a, iscritta al Registro delle Imprese della Navarra al tomo 1.393, foglio 164, pagina, 27.693. Gli utenti e visitatori del sito, possono mettersi in contatto con l\u2019azienda al seguente indirizzo di posta elettronica: <a href=\"mailto:commerciale@splinterenergia.com\">commerciale@splinterenergia.com<\/a> Questo indirizzo \u00e8 protetto da spambot. Occorre attivare JavaScript per visualizzarlo.<\/p>\n<p>In ottemperanza alla Legge organica 15\/1999, 13 dicembre, sulla tutela dei dati a carattere personale, i dati acquisiti da <strong>Splinter Energ\u00eda<\/strong> tramite questo sito web saranno inseriti in un file denominato &#8220;Clienti e\/o Fornitori&#8221;, conservato presso <strong>C\/ Esquiroz Bidea, 6 Ofic. N\u00ba1, 31190 CIZUR MENOR, Navarra,<\/strong> <strong>Spagna +34 618 994 789<\/strong>, per il loro trattamento allo scopo di soddisfare le richieste provenienti da utenti e visitatori del sito.<\/p>\n<p>Riguardo a tali dati, si avvertono i titolari degli stessi che, ai sensi dell&#8217;articolo 5 della Legge organica sopra citata, possono esercitare i diritti di accesso, rettifica, annullamento e opposizione, tramite richiesta rivolta per iscritto al titolare del file all&#8217;indirizzo sopraindicato nei termini previsti dalla legislazione vigente.<\/p>\n\n\t\t<\/div>\n\t<\/div>\n<\/div><\/div><\/div><\/div>\n<\/div>","protected":false},"excerpt":{"rendered":"<p>Ai sensi dell&#8217;articolo 10 della Legge 34\/2002, 11 luglio, sui servizi della societ\u00e0 dell&#8217;informazione e del commercio elettronico, si informa l&#8217;utente che il titolare di questo sito web \u00e8 Splinter Energ\u00eda, con sede in C\/ Esquiroz Bidea, 6 Ofic. N\u00ba1, 31190 CIZUR MENOR, Navarra, Espa\u00f1a, iscritta al Registro delle Imprese della Navarra al tomo 1.393,&hellip;<\/p>\n","protected":false},"author":1,"featured_media":0,"parent":0,"menu_order":0,"comment_status":"closed","ping_status":"closed","template":"","meta":{"footnotes":""},"class_list":["post-35798","page","type-page","status-publish","hentry","description-off"],"_links":{"self":[{"href":"https:\/\/www.splinterenergia.com\/it\/wp-json\/wp\/v2\/pages\/35798","targetHints":{"allow":["GET"]}}],"collection":[{"href":"https:\/\/www.splinterenergia.com\/it\/wp-json\/wp\/v2\/pages"}],"about":[{"href":"https:\/\/www.splinterenergia.com\/it\/wp-json\/wp\/v2\/types\/page"}],"author":[{"embeddable":true,"href":"https:\/\/www.splinterenergia.com\/it\/wp-json\/wp\/v2\/users\/1"}],"replies":[{"embeddable":true,"href":"https:\/\/www.splinterenergia.com\/it\/wp-json\/wp\/v2\/comments?post=35798"}],"version-history":[{"count":3,"href":"https:\/\/www.splinterenergia.com\/it\/wp-json\/wp\/v2\/pages\/35798\/revisions"}],"predecessor-version":[{"id":35826,"href":"https:\/\/www.splinterenergia.com\/it\/wp-json\/wp\/v2\/pages\/35798\/revisions\/35826"}],"wp:attachment":[{"href":"https:\/\/www.splinterenergia.com\/it\/wp-json\/wp\/v2\/media?parent=35798"}],"curies":[{"name":"wp","href":"https:\/\/api.w.org\/{rel}","templated":true}]}}