{"id":35590,"date":"2017-10-27T00:33:58","date_gmt":"2017-10-27T00:33:58","guid":{"rendered":"http:\/\/www.splinterenergia.com\/politica-de-cookies-2\/"},"modified":"2017-11-22T18:17:33","modified_gmt":"2017-11-22T18:17:33","slug":"politica-de-cookies","status":"publish","type":"page","link":"https:\/\/www.splinterenergia.com\/fr\/politica-de-cookies\/","title":{"rendered":"Politique de cookies"},"content":{"rendered":"<div class=\"wpb-content-wrapper\"><div class=\"vc_row wpb_row vc_row-fluid dt-default\" style=\"margin-top: 0px;margin-bottom: 0px\"><div class=\"wpb_column vc_column_container vc_col-sm-12\"><div class=\"vc_column-inner\"><div class=\"wpb_wrapper\">\n\t<div class=\"wpb_text_column wpb_content_element \" >\n\t\t<div class=\"wpb_wrapper\">\n\t\t\t<div class=\"with-sidebar-wrapper\">\n<section id=\"content-section-2\">\n<div class=\"section-container container\">\n<div class=\"gdlr-item gdlr-content-item\">\n<p><strong>Splinter Energ\u00eda, Calle Donantes de Sangre, 3, 31591 Corella, Navarra, Espagne\u00a0+34 618 994 789<\/strong>\u00a0vous informe que des cookies sont utilis\u00e9s sur ce site. Les cookies sont de petits fichiers texte d\u00e9pos\u00e9s par certaines plates-formes (comme les sites web) dans l\u2019ordinateur ou autres dispositifs (tablettes, mobiles) de l\u2019utilisateur. Entre autres fonctions, les cookies stockent vos pr\u00e9f\u00e9rences de navigation, collectent des informations statistiques et permettent certaines fonctionnalit\u00e9s techniques. Parfois, les cookies sont utilis\u00e9s pour stocker des informations basiques sur les habitudes de navigation de l\u2019utilisateur ou sur son dispositif, au point de pouvoir parfois le reconna\u00eetre.<\/p>\n<p>Les cookies sont utiles pour plusieurs raisons. D\u2019un point de vue technique, ils permettent aux sites d\u2019\u00eatre plus dynamiques et de s\u2019adapter aux pr\u00e9f\u00e9rences de l\u2019utilisateur en tenant compte de sa langue ou de la devise de son pays. Par ailleurs, gr\u00e2ce aux informations statistiques recueillies, ils permettent aux responsables des sites d\u2019am\u00e9liorer le fonctionnement de ceux-ci. Enfin, ils permettent de proposer au visiteur une publicit\u00e9 personnalis\u00e9e, gr\u00e2ce \u00e0 laquelle nous pouvons offrir nos services gratuitement.<\/p>\n<p>Pour en savoir plus sur les cookies, visitez\u00a0<strong>Your Online Choices Espa\u00f1a<\/strong>.<br \/>\nIl existe diff\u00e9rents types de cookies. D\u2019une part, on distingue :<\/p>\n<ul>\n<li>Les cookies propres : ils appartiennent et sont g\u00e9r\u00e9s par le propri\u00e9taire du site.<\/li>\n<li>Les cookies tiers : appartenant \u00e0 des tiers et g\u00e9r\u00e9s par eux, ils ne sont pas li\u00e9s au propri\u00e9taire.<\/li>\n<\/ul>\n<p>Les cookies de \u00ab\u00a0<strong>s\u00e9ance\u00a0<\/strong>\u00bb sont effac\u00e9s d\u00e8s que l\u2019utilisateur quitte le site qui les a cr\u00e9\u00e9s, tandis que les \u00ab\u00a0<strong>persistants<\/strong>\u00a0\u00bb sont d\u00e9pos\u00e9s dans votre ordinateur pour une dur\u00e9e programm\u00e9e qui peut atteindre des ann\u00e9es.<\/p>\n<p>Par ailleurs, les cookies sont class\u00e9s selon leur finalit\u00e9\u00a0:<\/p>\n<ul>\n<li><strong>Cookies techniques et fonctionnels<\/strong>\u00a0: les cookies strictement n\u00e9cessaires \u00e0 l\u2019utilisation du site et \u00e0 la prestation du service.<\/li>\n<li><strong>Cookies analytiques<\/strong>\u00a0: ils aident \u00e0 collecter des informations sur la fa\u00e7on dont les utilisateurs utilisent le site. Il nous permettent, par exemple, de compter les visiteurs uniques qui arrivent sur le site ou qui utilisent une fonctionnalit\u00e9 sp\u00e9cifique, plut\u00f4t que le nombre total de fois qu\u2019ils utilisent cette fonction ou caract\u00e9ristique. Sans ce cookie, si vous visitez le site une fois par semaine pendant trois semaines, vous seriez consid\u00e9r\u00e9 comme trois utilisateurs distincts. Sans ces cookies, il nous serait tr\u00e8s difficile d\u2019analyser et d\u2019am\u00e9liorer la performance de notre site.<\/li>\n<li><strong>Cookies de personnalisation<\/strong>\u00a0: ils permettent \u00e0 l\u2019utilisateur de param\u00e9trer, entre autres, l\u2019affichage, la langue et les pr\u00e9f\u00e9rences de son navigateur.<\/li>\n<li><strong>Cookies de publicit\u00e9 et de comportement<\/strong>\u00a0: ils optimisent la gestion des espaces publicitaires int\u00e9gr\u00e9s sur un site ou une appli depuis laquelle le service est fourni. En recueillant des informations sur les pr\u00e9f\u00e9rences des internautes, ils nous permettent d\u2019adapter la publicit\u00e9 \u00e0 leurs int\u00e9r\u00eats. Ils sont utilis\u00e9s dans des techniques marketing comme le retargeting.<\/li>\n<li><strong>Cookies en affiliation<\/strong>\u00a0: ils assurent le suivi des visites en provenance de sites avec lesquels un contrat d\u2019affiliation a \u00e9t\u00e9 \u00e9tabli.<\/li>\n<li><strong>Cookies d\u2019interaction sociale<\/strong>\u00a0: ces cookies permettent de partager des contenus directement sur les r\u00e9seaux sociaux, tels que Facebook, Twitter ou Google +. Un exemple\u00a0: lorsque vous cliquez sur \u00ab J\u2019aime \u00bb ou \u00ab tweter \u00bb sur une affaire ou un produit annonc\u00e9 sur notre site.<\/li>\n<\/ul>\n<p>Notre site utilise les cookies suivants<\/p>\n<p>Pour en savoir plus sur les finalit\u00e9s des cookies tiers, leur gestion et leur param\u00e9trage, visitez les sites web desdits tiers.<\/p>\n<p><strong>Comment d\u00e9sactiver les cookies :<\/strong><\/p>\n<ol>\n<li>Votre navigateur vous donne le choix de restreindre, bloquer ou effacer les cookies de notre site (ou de tout autre site). La mani\u00e8re de proc\u00e9der est diff\u00e9rente pour chaque navigateur. Consultez la rubrique \u00ab Aide \u00bb pour en savoir plus.<\/li>\n<li>Vous pouvez utiliser Ghostery ou Your online choices entre autres outils.<\/li>\n<\/ol>\n<p>Le fait de d\u00e9sactiver des cookies sur notre site web peut nuire \u00e0 la fonctionnalit\u00e9 de celui-ci, limiter et voire m\u00eame emp\u00eacher la navigation.<\/p>\n<p><strong>En restant et en navigant sur ce site sans d\u00e9sactiver les cookies sur votre navigateur, vous acceptez express\u00e9ment ces cookies.<\/strong><\/p>\n<\/div>\n<div class=\"clear\"><\/div>\n<\/div>\n<\/section>\n<\/div>\n<div class=\"main-content-container container gdlr-item-start-content\">\n<div class=\"gdlr-item gdlr-main-content\">\n<p>.<\/p>\n<\/div>\n<\/div>\n\n\t\t<\/div>\n\t<\/div>\n<\/div><\/div><\/div><\/div>\n<\/div>","protected":false},"excerpt":{"rendered":"<p>Splinter Energ\u00eda, Calle Donantes de Sangre, 3, 31591 Corella, Navarra, Espagne\u00a0+34 618 994 789\u00a0vous informe que des cookies sont utilis\u00e9s sur ce site. Les cookies sont de petits fichiers texte d\u00e9pos\u00e9s par certaines plates-formes (comme les sites web) dans l\u2019ordinateur ou autres dispositifs (tablettes, mobiles) de l\u2019utilisateur. Entre autres fonctions, les cookies stockent vos pr\u00e9f\u00e9rences&hellip;<\/p>\n","protected":false},"author":1,"featured_media":0,"parent":0,"menu_order":0,"comment_status":"closed","ping_status":"closed","template":"","meta":{"footnotes":""},"class_list":["post-35590","page","type-page","status-publish","hentry","description-off"],"_links":{"self":[{"href":"https:\/\/www.splinterenergia.com\/fr\/wp-json\/wp\/v2\/pages\/35590","targetHints":{"allow":["GET"]}}],"collection":[{"href":"https:\/\/www.splinterenergia.com\/fr\/wp-json\/wp\/v2\/pages"}],"about":[{"href":"https:\/\/www.splinterenergia.com\/fr\/wp-json\/wp\/v2\/types\/page"}],"author":[{"embeddable":true,"href":"https:\/\/www.splinterenergia.com\/fr\/wp-json\/wp\/v2\/users\/1"}],"replies":[{"embeddable":true,"href":"https:\/\/www.splinterenergia.com\/fr\/wp-json\/wp\/v2\/comments?post=35590"}],"version-history":[{"count":1,"href":"https:\/\/www.splinterenergia.com\/fr\/wp-json\/wp\/v2\/pages\/35590\/revisions"}],"predecessor-version":[{"id":35736,"href":"https:\/\/www.splinterenergia.com\/fr\/wp-json\/wp\/v2\/pages\/35590\/revisions\/35736"}],"wp:attachment":[{"href":"https:\/\/www.splinterenergia.com\/fr\/wp-json\/wp\/v2\/media?parent=35590"}],"curies":[{"name":"wp","href":"https:\/\/api.w.org\/{rel}","templated":true}]}}