{"id":35577,"date":"2017-10-27T01:14:19","date_gmt":"2017-10-27T01:14:19","guid":{"rendered":"http:\/\/www.splinterenergia.com\/proteccion-de-datos-2\/"},"modified":"2017-11-22T18:17:29","modified_gmt":"2017-11-22T18:17:29","slug":"proteccion-de-datos","status":"publish","type":"page","link":"https:\/\/www.splinterenergia.com\/fr\/proteccion-de-datos\/","title":{"rendered":"Politique de protection des donn\u00e9es"},"content":{"rendered":"<div class=\"wpb-content-wrapper\"><div class=\"vc_row wpb_row vc_row-fluid dt-default\" style=\"margin-top: 0px;margin-bottom: 0px\"><div class=\"wpb_column vc_column_container vc_col-sm-12\"><div class=\"vc_column-inner\"><div class=\"wpb_wrapper\">\n\t<div class=\"wpb_text_column wpb_content_element \" >\n\t\t<div class=\"wpb_wrapper\">\n\t\t\t<p>Conform\u00e9ment aux dispositions de la Loi Organique 15\/1999, du 13 d\u00e9cembre, relative \u00e0 la Protection des Donn\u00e9es \u00e0 caract\u00e8re personnel,<strong> Splinter Energ\u00eda<\/strong> garantit la s\u00e9curit\u00e9 et la confidentialit\u00e9 des donn\u00e9es fournies.<\/p>\n<p>Il s\u2019engage \u00e0 respecter son obligation de confidentialit\u00e9 des donn\u00e9es \u00e0 caract\u00e8re personnel et son devoir de les sauvegarder et d\u2019adopter toutes les mesures n\u00e9cessaires pour \u00e9viter l\u2019alt\u00e9ration, la perte, le traitement ou l\u2019utilisation non autoris\u00e9e de celles-ci. Ces informations ne seront donc pas c\u00e9d\u00e9es \u00e0 des tiers.<\/p>\n<p>Vous pouvez exercer \u00e0 tout moment votre droit d\u2019acc\u00e8s, de rectification, d\u2019annulation et d\u2019opposition au traitement de vos donn\u00e9es, en adressant une demande \u00e0 <strong>Splinter Energ\u00eda<\/strong> en indiquant la r\u00e9f\u00e9rence \u00ab Protection des donn\u00e9es \u00bb.<\/p>\n\n\t\t<\/div>\n\t<\/div>\n<\/div><\/div><\/div><\/div>\n<\/div>","protected":false},"excerpt":{"rendered":"<p>Conform\u00e9ment aux dispositions de la Loi Organique 15\/1999, du 13 d\u00e9cembre, relative \u00e0 la Protection des Donn\u00e9es \u00e0 caract\u00e8re personnel, Splinter Energ\u00eda garantit la s\u00e9curit\u00e9 et la confidentialit\u00e9 des donn\u00e9es fournies. Il s\u2019engage \u00e0 respecter son obligation de confidentialit\u00e9 des donn\u00e9es \u00e0 caract\u00e8re personnel et son devoir de les sauvegarder et d\u2019adopter toutes les mesures&hellip;<\/p>\n","protected":false},"author":1,"featured_media":0,"parent":0,"menu_order":0,"comment_status":"closed","ping_status":"closed","template":"","meta":{"footnotes":""},"class_list":["post-35577","page","type-page","status-publish","hentry","description-off"],"_links":{"self":[{"href":"https:\/\/www.splinterenergia.com\/fr\/wp-json\/wp\/v2\/pages\/35577","targetHints":{"allow":["GET"]}}],"collection":[{"href":"https:\/\/www.splinterenergia.com\/fr\/wp-json\/wp\/v2\/pages"}],"about":[{"href":"https:\/\/www.splinterenergia.com\/fr\/wp-json\/wp\/v2\/types\/page"}],"author":[{"embeddable":true,"href":"https:\/\/www.splinterenergia.com\/fr\/wp-json\/wp\/v2\/users\/1"}],"replies":[{"embeddable":true,"href":"https:\/\/www.splinterenergia.com\/fr\/wp-json\/wp\/v2\/comments?post=35577"}],"version-history":[{"count":1,"href":"https:\/\/www.splinterenergia.com\/fr\/wp-json\/wp\/v2\/pages\/35577\/revisions"}],"predecessor-version":[{"id":35735,"href":"https:\/\/www.splinterenergia.com\/fr\/wp-json\/wp\/v2\/pages\/35577\/revisions\/35735"}],"wp:attachment":[{"href":"https:\/\/www.splinterenergia.com\/fr\/wp-json\/wp\/v2\/media?parent=35577"}],"curies":[{"name":"wp","href":"https:\/\/api.w.org\/{rel}","templated":true}]}}