{"id":35568,"date":"2017-10-27T01:16:17","date_gmt":"2017-10-27T01:16:17","guid":{"rendered":"http:\/\/www.splinterenergia.com\/aviso-legal-2\/"},"modified":"2018-05-06T17:53:36","modified_gmt":"2018-05-06T17:53:36","slug":"aviso-legal","status":"publish","type":"page","link":"https:\/\/www.splinterenergia.com\/fr\/aviso-legal\/","title":{"rendered":"Mentions l\u00e9gales"},"content":{"rendered":"<div class=\"wpb-content-wrapper\"><div class=\"vc_row wpb_row vc_row-fluid dt-default\" style=\"margin-top: 0px;margin-bottom: 0px\"><div class=\"wpb_column vc_column_container vc_col-sm-12\"><div class=\"vc_column-inner\"><div class=\"wpb_wrapper\">\n\t<div class=\"wpb_text_column wpb_content_element \" >\n\t\t<div class=\"wpb_wrapper\">\n\t\t\t<p>Conform\u00e9ment aux dispositions de l&rsquo;article 10 de la Loi 34\/2002, du 11 juillet, relative aux services de la Soci\u00e9t\u00e9 de l&rsquo;Information et au Commerce \u00e9lectronique, l&rsquo;usager est inform\u00e9 que le titulaire du pr\u00e9sent site est la soci\u00e9t\u00e9 <strong>Splinter Energ\u00eda<\/strong>, domicili\u00e9e au <strong>C\/ Esquiroz Bidea, 6 Ofic. N\u00ba1, 31190 CIZUR MENOR, Navarra, Espa\u00f1a\u00a0+34 618 994 789<\/strong>, immatricul\u00e9e au Registre du Commerce de Navarre sous le num\u00e9ro B31958606, Tome 1393 feuillet 164, page 27.693. Les usagers et visiteurs du site peuvent nous contacter via e-mail \u00e0 l&rsquo;adresse <a href=\"mailto:comercial@splinterenergia.com\">comercial@splinterenergia.com<\/a>. Cette adresse email est prot\u00e9g\u00e9e contre les spam bots. Veuillez activer JavaScript pour qu&rsquo;elle s&rsquo;affiche.<\/p>\n<p>Conform\u00e9ment aux dispositions de la loi 15\/1999 du 13 d\u00e9cembre sur la Protection des Informations personnelles, les donn\u00e9es \u00e9ventuellement collect\u00e9es \u00e0 travers ce site pour leur traitement sont enregistr\u00e9es dans un fichier appel\u00e9 \u00ab Clients et\/ou Fournisseurs \u00bb, sis au <strong>C\/ Esquiroz Bidea, 6 Ofic. N\u00ba1, 31190 CIZUR MENOR, Navarra, Espa\u00f1a\u00a0+34 618 994 789<\/strong> pour r\u00e9pondre aux demandes d&rsquo;information r\u00e9alis\u00e9es par les usagers et les visiteurs du site.<\/p>\n<p>Le titulaire de ces donn\u00e9es est inform\u00e9 que, conform\u00e9ment \u00e0 l&rsquo;article 5 de la loi organique 15\/1999 ci-dessus, il dispose d&rsquo;un droit d&rsquo;acc\u00e8s, de rectification, de suppression et d&rsquo;opposition \u00e0 celles-ci. Ce droit peut \u00eatre exerc\u00e9 par \u00e9crit adress\u00e9 au titulaire du fichier, \u00e0 l&rsquo;adresse indiqu\u00e9e ci-dessus, dans les termes indiqu\u00e9s par la l\u00e9gislation en vigueur.<\/p>\n\n\t\t<\/div>\n\t<\/div>\n<\/div><\/div><\/div><\/div>\n<\/div>","protected":false},"excerpt":{"rendered":"<p>Conform\u00e9ment aux dispositions de l&rsquo;article 10 de la Loi 34\/2002, du 11 juillet, relative aux services de la Soci\u00e9t\u00e9 de l&rsquo;Information et au Commerce \u00e9lectronique, l&rsquo;usager est inform\u00e9 que le titulaire du pr\u00e9sent site est la soci\u00e9t\u00e9 Splinter Energ\u00eda, domicili\u00e9e au C\/ Esquiroz Bidea, 6 Ofic. N\u00ba1, 31190 CIZUR MENOR, Navarra, Espa\u00f1a\u00a0+34 618 994 789,&hellip;<\/p>\n","protected":false},"author":1,"featured_media":0,"parent":0,"menu_order":0,"comment_status":"closed","ping_status":"closed","template":"","meta":{"footnotes":""},"class_list":["post-35568","page","type-page","status-publish","hentry","description-off"],"_links":{"self":[{"href":"https:\/\/www.splinterenergia.com\/fr\/wp-json\/wp\/v2\/pages\/35568","targetHints":{"allow":["GET"]}}],"collection":[{"href":"https:\/\/www.splinterenergia.com\/fr\/wp-json\/wp\/v2\/pages"}],"about":[{"href":"https:\/\/www.splinterenergia.com\/fr\/wp-json\/wp\/v2\/types\/page"}],"author":[{"embeddable":true,"href":"https:\/\/www.splinterenergia.com\/fr\/wp-json\/wp\/v2\/users\/1"}],"replies":[{"embeddable":true,"href":"https:\/\/www.splinterenergia.com\/fr\/wp-json\/wp\/v2\/comments?post=35568"}],"version-history":[{"count":2,"href":"https:\/\/www.splinterenergia.com\/fr\/wp-json\/wp\/v2\/pages\/35568\/revisions"}],"predecessor-version":[{"id":35827,"href":"https:\/\/www.splinterenergia.com\/fr\/wp-json\/wp\/v2\/pages\/35568\/revisions\/35827"}],"wp:attachment":[{"href":"https:\/\/www.splinterenergia.com\/fr\/wp-json\/wp\/v2\/media?parent=35568"}],"curies":[{"name":"wp","href":"https:\/\/api.w.org\/{rel}","templated":true}]}}