{"id":35548,"date":"2017-11-08T18:46:52","date_gmt":"2017-11-08T18:46:52","guid":{"rendered":"http:\/\/www.splinterenergia.com\/aplicaciones-2\/"},"modified":"2017-11-22T18:17:08","modified_gmt":"2017-11-22T18:17:08","slug":"aplicaciones","status":"publish","type":"page","link":"https:\/\/www.splinterenergia.com\/fr\/aplicaciones\/","title":{"rendered":"Applications"},"content":{"rendered":"<div class=\"wpb-content-wrapper\"><div data-min-height=\"215px\" class=\"vc_row wpb_row vc_row-fluid full-width-wrap dt-default\" style=\"padding-left: 0px;padding-right: 0px;margin-top: 0px;margin-bottom: 0px\"><div class=\"wpb_column vc_column_container vc_col-sm-12 vc_col-has-fill\"><div class=\"vc_column-inner vc_custom_1509017462049\"><div class=\"wpb_wrapper\">\n\t<div  class=\"wpb_single_image wpb_content_element vc_align_center  vc_custom_1510166426640\">\n\t\t\n\t\t<figure class=\"wpb_wrapper vc_figure\">\n\t\t\t<div class=\"vc_single_image-wrapper   vc_box_border_grey\"><img loading=\"lazy\" decoding=\"async\" width=\"2000\" height=\"350\" src=\"https:\/\/www.splinterenergia.com\/wp-content\/uploads\/2017\/11\/banner-4.jpg\" class=\"vc_single_image-img attachment-full\" alt=\"\" title=\"banner-4\" srcset=\"https:\/\/www.splinterenergia.com\/wp-content\/uploads\/2017\/11\/banner-4.jpg 2000w, https:\/\/www.splinterenergia.com\/wp-content\/uploads\/2017\/11\/banner-4-300x53.jpg 300w, https:\/\/www.splinterenergia.com\/wp-content\/uploads\/2017\/11\/banner-4-768x134.jpg 768w, https:\/\/www.splinterenergia.com\/wp-content\/uploads\/2017\/11\/banner-4-1024x179.jpg 1024w\" sizes=\"auto, (max-width: 2000px) 100vw, 2000px\"  data-dt-location=\"https:\/\/www.splinterenergia.com\/fr\/aplicaciones\/banner-4\/\" \/><\/div>\n\t\t<\/figure>\n\t<\/div>\n<\/div><\/div><\/div><\/div><div class=\"vc_row wpb_row vc_row-fluid vc_custom_1510170039355 vc_row-has-fill vc_column-gap-20 vc_row-o-equal-height vc_row-o-content-middle vc_row-flex\"><div class=\"wpb_column vc_column_container vc_col-sm-4 vc_col-has-fill\"><div class=\"vc_column-inner vc_custom_1508929191151\"><div class=\"wpb_wrapper\">\n\t<div class=\"wpb_text_column wpb_content_element  vc_custom_1510178191367\" >\n\t\t<div class=\"wpb_wrapper\">\n\t\t\t<h2>Applications<\/h2>\n\n\t\t<\/div>\n\t<\/div>\n\n\t<div class=\"wpb_text_column wpb_content_element \" >\n\t\t<div class=\"wpb_wrapper\">\n\t\t\t<h3>Plus de 750 MW<\/h3>\n<p>Notre objectif est de fournir une alternative efficace et efficiente aux combustibles fossiles dans l\u2019\u00e9lectricit\u00e9 et la production de chaleur dans toutes les applications (production de vapeur, le syst\u00e8me de refroidissement de l\u2019eau et positifs).<\/p>\n<p>Nos clients incluent le, chimique \/ pharmaceutique, la mise en conserve, papier, textile, tertiaire et des services \u00e0 l\u2019industrie agroalimentaire nationale et internationale. Dans ces industries garantir la couverture partielle ou totale approvisionnement en biomasse, essentiellement sous la forme de la for\u00eat dissident, en adaptant en temps opportun \u00e0 vos besoins.<\/p>\n\n\t\t<\/div>\n\t<\/div>\n<\/div><\/div><\/div><div class=\"wpb_column vc_column_container vc_col-sm-8\"><div class=\"vc_column-inner\"><div class=\"wpb_wrapper\"><div class=\"dt-photos-shortcode slider-wrapper owl-carousel dt-owl-carousel-init  shortcode-instagram dt-gallery-container arrows-accent enable-mobile-arrows\" data-padding-side=\"0\" data-autoslide=\"true\" data-delay=\"4000\" data-loop=\"false\" data-arrows=\"true\" data-pretty-share=\"whatsapp,linkedin,facebook,twitter\">\n<article class=\"post post-36010 attachment type-attachment status-inherit hentry no-img description-off\">\n\n\t<figure class=\"rollover-project links-hovers-disabled\">\n\t<a href=\"https:\/\/www.splinterenergia.com\/wp-content\/uploads\/2017\/10\/aplicaciones-7.jpg\" class=\"rollover rollover-zoom dt-pswp-item layzr-bg\"  data-dt-img-description=\"\"  data-large_image_width=\"770\" data-large_image_height = \"1027\"  data-dt-location=\"https:\/\/www.splinterenergia.com\/fr\/aplicaciones-7-2\/\" ><img fetchpriority=\"high\" decoding=\"async\" class=\"preload-me lazy-load aspect\" src=\"data:image\/svg+xml,%3Csvg%20xmlns%3D&#39;http%3A%2F%2Fwww.w3.org%2F2000%2Fsvg&#39;%20viewBox%3D&#39;0%200%20194%20260&#39;%2F%3E\" data-src=\"https:\/\/www.splinterenergia.com\/wp-content\/uploads\/2017\/10\/aplicaciones-7-194x260.jpg\" data-srcset=\"https:\/\/www.splinterenergia.com\/wp-content\/uploads\/2017\/10\/aplicaciones-7-194x260.jpg 194w, https:\/\/www.splinterenergia.com\/wp-content\/uploads\/2017\/10\/aplicaciones-7-388x520.jpg 388w\" loading=\"eager\" style=\"--ratio: 194 \/ 260\" sizes=\"(max-width: 194px) 100vw, 194px\" alt=\"\" width=\"194\" height=\"260\"  \/><\/a>\t<\/figure>\n<\/article>\n\n\n<article class=\"post post-35998 attachment type-attachment status-inherit hentry no-img description-off\">\n\n\t<figure class=\"rollover-project links-hovers-disabled\">\n\t<a href=\"https:\/\/www.splinterenergia.com\/wp-content\/uploads\/2017\/10\/aplicaciones-11.jpg\" class=\"rollover rollover-zoom dt-pswp-item layzr-bg\"  data-dt-img-description=\"\"  data-large_image_width=\"1086\" data-large_image_height = \"815\"  data-dt-location=\"https:\/\/www.splinterenergia.com\/fr\/aplicaciones-11-2\/\" ><img decoding=\"async\" class=\"preload-me lazy-load aspect\" src=\"data:image\/svg+xml,%3Csvg%20xmlns%3D&#39;http%3A%2F%2Fwww.w3.org%2F2000%2Fsvg&#39;%20viewBox%3D&#39;0%200%20346%20260&#39;%2F%3E\" data-src=\"https:\/\/www.splinterenergia.com\/wp-content\/uploads\/2017\/10\/aplicaciones-11-346x260.jpg\" data-srcset=\"https:\/\/www.splinterenergia.com\/wp-content\/uploads\/2017\/10\/aplicaciones-11-346x260.jpg 346w, https:\/\/www.splinterenergia.com\/wp-content\/uploads\/2017\/10\/aplicaciones-11-692x520.jpg 692w\" loading=\"eager\" style=\"--ratio: 346 \/ 260\" sizes=\"(max-width: 346px) 100vw, 346px\" alt=\"\" width=\"346\" height=\"260\"  \/><\/a>\t<\/figure>\n<\/article>\n\n\n<article class=\"post post-36025 attachment type-attachment status-inherit hentry no-img description-off\">\n\n\t<figure class=\"rollover-project links-hovers-disabled\">\n\t<a href=\"https:\/\/www.splinterenergia.com\/wp-content\/uploads\/2017\/10\/aplicaciones-2.jpg\" class=\"rollover rollover-zoom dt-pswp-item layzr-bg\"  data-dt-img-description=\"\"  data-large_image_width=\"764\" data-large_image_height = \"555\"  data-dt-location=\"https:\/\/www.splinterenergia.com\/fr\/aplicaciones-2-2\/\" ><img decoding=\"async\" class=\"preload-me lazy-load aspect\" src=\"data:image\/svg+xml,%3Csvg%20xmlns%3D&#39;http%3A%2F%2Fwww.w3.org%2F2000%2Fsvg&#39;%20viewBox%3D&#39;0%200%20357%20260&#39;%2F%3E\" data-src=\"https:\/\/www.splinterenergia.com\/wp-content\/uploads\/2017\/10\/aplicaciones-2-357x260.jpg\" data-srcset=\"https:\/\/www.splinterenergia.com\/wp-content\/uploads\/2017\/10\/aplicaciones-2-357x260.jpg 357w, https:\/\/www.splinterenergia.com\/wp-content\/uploads\/2017\/10\/aplicaciones-2-714x520.jpg 714w\" loading=\"eager\" style=\"--ratio: 357 \/ 260\" sizes=\"(max-width: 357px) 100vw, 357px\" alt=\"\" width=\"357\" height=\"260\"  \/><\/a>\t<\/figure>\n<\/article>\n\n\n<article class=\"post post-36001 attachment type-attachment status-inherit hentry no-img description-off\">\n\n\t<figure class=\"rollover-project links-hovers-disabled\">\n\t<a href=\"https:\/\/www.splinterenergia.com\/wp-content\/uploads\/2017\/10\/aplicaciones-10.jpg\" class=\"rollover rollover-zoom dt-pswp-item layzr-bg\"  data-dt-img-description=\"\"  data-large_image_width=\"1086\" data-large_image_height = \"815\"  data-dt-location=\"https:\/\/www.splinterenergia.com\/fr\/aplicaciones-10-2\/\" ><img decoding=\"async\" class=\"preload-me lazy-load aspect\" src=\"data:image\/svg+xml,%3Csvg%20xmlns%3D&#39;http%3A%2F%2Fwww.w3.org%2F2000%2Fsvg&#39;%20viewBox%3D&#39;0%200%20346%20260&#39;%2F%3E\" data-src=\"https:\/\/www.splinterenergia.com\/wp-content\/uploads\/2017\/10\/aplicaciones-10-346x260.jpg\" data-srcset=\"https:\/\/www.splinterenergia.com\/wp-content\/uploads\/2017\/10\/aplicaciones-10-346x260.jpg 346w, https:\/\/www.splinterenergia.com\/wp-content\/uploads\/2017\/10\/aplicaciones-10-692x520.jpg 692w\" loading=\"eager\" style=\"--ratio: 346 \/ 260\" sizes=\"(max-width: 346px) 100vw, 346px\" alt=\"\" width=\"346\" height=\"260\"  \/><\/a>\t<\/figure>\n<\/article>\n\n\n<article class=\"post post-36028 attachment type-attachment status-inherit hentry no-img description-off\">\n\n\t<figure class=\"rollover-project links-hovers-disabled\">\n\t<a href=\"https:\/\/www.splinterenergia.com\/wp-content\/uploads\/2017\/10\/aplicaciones-1.jpg\" class=\"rollover rollover-zoom dt-pswp-item layzr-bg\"  data-dt-img-description=\"\"  data-large_image_width=\"419\" data-large_image_height = \"542\"  data-dt-location=\"https:\/\/www.splinterenergia.com\/fr\/aplicaciones-1-2\/\" ><img decoding=\"async\" class=\"preload-me lazy-load aspect\" src=\"data:image\/svg+xml,%3Csvg%20xmlns%3D&#39;http%3A%2F%2Fwww.w3.org%2F2000%2Fsvg&#39;%20viewBox%3D&#39;0%200%20200%20260&#39;%2F%3E\" data-src=\"https:\/\/www.splinterenergia.com\/wp-content\/uploads\/2017\/10\/aplicaciones-1-200x260.jpg\" data-srcset=\"https:\/\/www.splinterenergia.com\/wp-content\/uploads\/2017\/10\/aplicaciones-1-200x260.jpg 200w, https:\/\/www.splinterenergia.com\/wp-content\/uploads\/2017\/10\/aplicaciones-1-400x520.jpg 400w\" loading=\"eager\" style=\"--ratio: 200 \/ 260\" sizes=\"(max-width: 200px) 100vw, 200px\" alt=\"\" width=\"200\" height=\"260\"  \/><\/a>\t<\/figure>\n<\/article>\n\n\n<article class=\"post post-36016 attachment type-attachment status-inherit hentry no-img description-off\">\n\n\t<figure class=\"rollover-project links-hovers-disabled\">\n\t<a href=\"https:\/\/www.splinterenergia.com\/wp-content\/uploads\/2017\/10\/aplicaciones-5.jpg\" class=\"rollover rollover-zoom dt-pswp-item layzr-bg\"  data-dt-img-description=\"\"  data-large_image_width=\"640\" data-large_image_height = \"480\"  data-dt-location=\"https:\/\/www.splinterenergia.com\/fr\/aplicaciones-5-2\/\" ><img decoding=\"async\" class=\"preload-me lazy-load aspect\" src=\"data:image\/svg+xml,%3Csvg%20xmlns%3D&#39;http%3A%2F%2Fwww.w3.org%2F2000%2Fsvg&#39;%20viewBox%3D&#39;0%200%20346%20260&#39;%2F%3E\" data-src=\"https:\/\/www.splinterenergia.com\/wp-content\/uploads\/2017\/10\/aplicaciones-5-346x260.jpg\" data-srcset=\"https:\/\/www.splinterenergia.com\/wp-content\/uploads\/2017\/10\/aplicaciones-5-346x260.jpg 346w, https:\/\/www.splinterenergia.com\/wp-content\/uploads\/2017\/10\/aplicaciones-5-638x480.jpg 638w\" loading=\"eager\" style=\"--ratio: 346 \/ 260\" sizes=\"(max-width: 346px) 100vw, 346px\" alt=\"\" width=\"346\" height=\"260\"  \/><\/a>\t<\/figure>\n<\/article>\n\n\n<article class=\"post post-36013 attachment type-attachment status-inherit hentry no-img description-off\">\n\n\t<figure class=\"rollover-project links-hovers-disabled\">\n\t<a href=\"https:\/\/www.splinterenergia.com\/wp-content\/uploads\/2017\/10\/aplicaciones-6.jpg\" class=\"rollover rollover-zoom dt-pswp-item layzr-bg\"  data-dt-img-description=\"\"  data-large_image_width=\"770\" data-large_image_height = \"1026\"  data-dt-location=\"https:\/\/www.splinterenergia.com\/fr\/aplicaciones-6-2\/\" ><img decoding=\"async\" class=\"preload-me lazy-load aspect\" src=\"data:image\/svg+xml,%3Csvg%20xmlns%3D&#39;http%3A%2F%2Fwww.w3.org%2F2000%2Fsvg&#39;%20viewBox%3D&#39;0%200%20195%20260&#39;%2F%3E\" data-src=\"https:\/\/www.splinterenergia.com\/wp-content\/uploads\/2017\/10\/aplicaciones-6-195x260.jpg\" data-srcset=\"https:\/\/www.splinterenergia.com\/wp-content\/uploads\/2017\/10\/aplicaciones-6-195x260.jpg 195w, https:\/\/www.splinterenergia.com\/wp-content\/uploads\/2017\/10\/aplicaciones-6-390x520.jpg 390w\" loading=\"eager\" style=\"--ratio: 195 \/ 260\" sizes=\"(max-width: 195px) 100vw, 195px\" alt=\"\" width=\"195\" height=\"260\"  \/><\/a>\t<\/figure>\n<\/article>\n\n\n<article class=\"post post-35992 attachment type-attachment status-inherit hentry no-img description-off\">\n\n\t<figure class=\"rollover-project links-hovers-disabled\">\n\t<a href=\"https:\/\/www.splinterenergia.com\/wp-content\/uploads\/2017\/10\/aplicaciones-13.jpg\" class=\"rollover rollover-zoom dt-pswp-item layzr-bg\"  data-dt-img-description=\"\"  data-large_image_width=\"547\" data-large_image_height = \"438\"  data-dt-location=\"https:\/\/www.splinterenergia.com\/fr\/aplicaciones-13-2\/\" ><img decoding=\"async\" class=\"preload-me lazy-load aspect\" src=\"data:image\/svg+xml,%3Csvg%20xmlns%3D&#39;http%3A%2F%2Fwww.w3.org%2F2000%2Fsvg&#39;%20viewBox%3D&#39;0%200%20324%20260&#39;%2F%3E\" data-src=\"https:\/\/www.splinterenergia.com\/wp-content\/uploads\/2017\/10\/aplicaciones-13-324x260.jpg\" data-srcset=\"https:\/\/www.splinterenergia.com\/wp-content\/uploads\/2017\/10\/aplicaciones-13-324x260.jpg 324w, https:\/\/www.splinterenergia.com\/wp-content\/uploads\/2017\/10\/aplicaciones-13-545x438.jpg 545w\" loading=\"eager\" style=\"--ratio: 324 \/ 260\" sizes=\"(max-width: 324px) 100vw, 324px\" alt=\"\" width=\"324\" height=\"260\"  \/><\/a>\t<\/figure>\n<\/article>\n\n\n<article class=\"post post-36004 attachment type-attachment status-inherit hentry no-img description-off\">\n\n\t<figure class=\"rollover-project links-hovers-disabled\">\n\t<a href=\"https:\/\/www.splinterenergia.com\/wp-content\/uploads\/2017\/10\/aplicaciones-9.jpg\" class=\"rollover rollover-zoom dt-pswp-item layzr-bg\"  data-dt-img-description=\"\"  data-large_image_width=\"1077\" data-large_image_height = \"808\"  data-dt-location=\"https:\/\/www.splinterenergia.com\/fr\/aplicaciones-9-2\/\" ><img decoding=\"async\" class=\"preload-me lazy-load aspect\" src=\"data:image\/svg+xml,%3Csvg%20xmlns%3D&#39;http%3A%2F%2Fwww.w3.org%2F2000%2Fsvg&#39;%20viewBox%3D&#39;0%200%20346%20260&#39;%2F%3E\" data-src=\"https:\/\/www.splinterenergia.com\/wp-content\/uploads\/2017\/10\/aplicaciones-9-346x260.jpg\" data-srcset=\"https:\/\/www.splinterenergia.com\/wp-content\/uploads\/2017\/10\/aplicaciones-9-346x260.jpg 346w, https:\/\/www.splinterenergia.com\/wp-content\/uploads\/2017\/10\/aplicaciones-9-692x520.jpg 692w\" loading=\"eager\" style=\"--ratio: 346 \/ 260\" sizes=\"(max-width: 346px) 100vw, 346px\" alt=\"\" width=\"346\" height=\"260\"  \/><\/a>\t<\/figure>\n<\/article>\n\n\n<article class=\"post post-36007 attachment type-attachment status-inherit hentry no-img description-off\">\n\n\t<figure class=\"rollover-project links-hovers-disabled\">\n\t<a href=\"https:\/\/www.splinterenergia.com\/wp-content\/uploads\/2017\/10\/aplicaciones-8.jpg\" class=\"rollover rollover-zoom dt-pswp-item layzr-bg\"  data-dt-img-description=\"\"  data-large_image_width=\"1442\" data-large_image_height = \"1063\"  data-dt-location=\"https:\/\/www.splinterenergia.com\/fr\/aplicaciones-8-2\/\" ><img decoding=\"async\" class=\"preload-me lazy-load aspect\" src=\"data:image\/svg+xml,%3Csvg%20xmlns%3D&#39;http%3A%2F%2Fwww.w3.org%2F2000%2Fsvg&#39;%20viewBox%3D&#39;0%200%20352%20260&#39;%2F%3E\" data-src=\"https:\/\/www.splinterenergia.com\/wp-content\/uploads\/2017\/10\/aplicaciones-8-352x260.jpg\" data-srcset=\"https:\/\/www.splinterenergia.com\/wp-content\/uploads\/2017\/10\/aplicaciones-8-352x260.jpg 352w, https:\/\/www.splinterenergia.com\/wp-content\/uploads\/2017\/10\/aplicaciones-8-704x520.jpg 704w\" loading=\"eager\" style=\"--ratio: 352 \/ 260\" sizes=\"(max-width: 352px) 100vw, 352px\" alt=\"\" width=\"352\" height=\"260\"  \/><\/a>\t<\/figure>\n<\/article>\n\n\n<article class=\"post post-36019 attachment type-attachment status-inherit hentry no-img description-off\">\n\n\t<figure class=\"rollover-project links-hovers-disabled\">\n\t<a href=\"https:\/\/www.splinterenergia.com\/wp-content\/uploads\/2017\/10\/aplicaciones-4.jpg\" class=\"rollover rollover-zoom dt-pswp-item layzr-bg\"  data-dt-img-description=\"\"  data-large_image_width=\"544\" data-large_image_height = \"363\"  data-dt-location=\"https:\/\/www.splinterenergia.com\/fr\/aplicaciones-4-2\/\" ><img decoding=\"async\" class=\"preload-me lazy-load aspect\" src=\"data:image\/svg+xml,%3Csvg%20xmlns%3D&#39;http%3A%2F%2Fwww.w3.org%2F2000%2Fsvg&#39;%20viewBox%3D&#39;0%200%20389%20260&#39;%2F%3E\" data-src=\"https:\/\/www.splinterenergia.com\/wp-content\/uploads\/2017\/10\/aplicaciones-4-389x260.jpg\" data-srcset=\"https:\/\/www.splinterenergia.com\/wp-content\/uploads\/2017\/10\/aplicaciones-4-389x260.jpg 389w, https:\/\/www.splinterenergia.com\/wp-content\/uploads\/2017\/10\/aplicaciones-4.jpg 543w\" loading=\"eager\" style=\"--ratio: 389 \/ 260\" sizes=\"(max-width: 389px) 100vw, 389px\" alt=\"\" width=\"389\" height=\"260\"  \/><\/a>\t<\/figure>\n<\/article>\n\n\n<article class=\"post post-36022 attachment type-attachment status-inherit hentry no-img description-off\">\n\n\t<figure class=\"rollover-project links-hovers-disabled\">\n\t<a href=\"https:\/\/www.splinterenergia.com\/wp-content\/uploads\/2017\/10\/aplicaciones-3.jpg\" class=\"rollover rollover-zoom dt-pswp-item layzr-bg\"  data-dt-img-description=\"\"  data-large_image_width=\"544\" data-large_image_height = \"363\"  data-dt-location=\"https:\/\/www.splinterenergia.com\/fr\/aplicaciones-3-2\/\" ><img decoding=\"async\" class=\"preload-me lazy-load aspect\" src=\"data:image\/svg+xml,%3Csvg%20xmlns%3D&#39;http%3A%2F%2Fwww.w3.org%2F2000%2Fsvg&#39;%20viewBox%3D&#39;0%200%20389%20260&#39;%2F%3E\" data-src=\"https:\/\/www.splinterenergia.com\/wp-content\/uploads\/2017\/10\/aplicaciones-3-389x260.jpg\" data-srcset=\"https:\/\/www.splinterenergia.com\/wp-content\/uploads\/2017\/10\/aplicaciones-3-389x260.jpg 389w, https:\/\/www.splinterenergia.com\/wp-content\/uploads\/2017\/10\/aplicaciones-3.jpg 543w\" loading=\"eager\" style=\"--ratio: 389 \/ 260\" sizes=\"(max-width: 389px) 100vw, 389px\" alt=\"\" width=\"389\" height=\"260\"  \/><\/a>\t<\/figure>\n<\/article>\n\n\n<article class=\"post post-35995 attachment type-attachment status-inherit hentry no-img description-off\">\n\n\t<figure class=\"rollover-project links-hovers-disabled\">\n\t<a href=\"https:\/\/www.splinterenergia.com\/wp-content\/uploads\/2017\/10\/aplicaciones-12.jpg\" class=\"rollover rollover-zoom dt-pswp-item layzr-bg\"  data-dt-img-description=\"\"  data-large_image_width=\"894\" data-large_image_height = \"670\"  data-dt-location=\"https:\/\/www.splinterenergia.com\/fr\/aplicaciones-12-2\/\" ><img decoding=\"async\" class=\"preload-me lazy-load aspect\" src=\"data:image\/svg+xml,%3Csvg%20xmlns%3D&#39;http%3A%2F%2Fwww.w3.org%2F2000%2Fsvg&#39;%20viewBox%3D&#39;0%200%20346%20260&#39;%2F%3E\" data-src=\"https:\/\/www.splinterenergia.com\/wp-content\/uploads\/2017\/10\/aplicaciones-12-346x260.jpg\" data-srcset=\"https:\/\/www.splinterenergia.com\/wp-content\/uploads\/2017\/10\/aplicaciones-12-346x260.jpg 346w, https:\/\/www.splinterenergia.com\/wp-content\/uploads\/2017\/10\/aplicaciones-12-692x520.jpg 692w\" loading=\"eager\" style=\"--ratio: 346 \/ 260\" sizes=\"(max-width: 346px) 100vw, 346px\" alt=\"\" width=\"346\" height=\"260\"  \/><\/a>\t<\/figure>\n<\/article>\n\n<\/div><\/div><\/div><\/div><\/div>\n<\/div>","protected":false},"excerpt":{"rendered":"<p>Applications Plus de 750 MW Notre objectif est de fournir une alternative efficace et efficiente aux combustibles fossiles dans l\u2019\u00e9lectricit\u00e9 et la production de chaleur dans toutes les applications (production de vapeur, le syst\u00e8me de refroidissement de l\u2019eau et positifs). Nos clients incluent le, chimique \/ pharmaceutique, la mise en conserve, papier, textile, tertiaire et&hellip;<\/p>\n","protected":false},"author":1,"featured_media":0,"parent":0,"menu_order":5,"comment_status":"closed","ping_status":"closed","template":"","meta":{"footnotes":""},"class_list":["post-35548","page","type-page","status-publish","hentry","description-off"],"_links":{"self":[{"href":"https:\/\/www.splinterenergia.com\/fr\/wp-json\/wp\/v2\/pages\/35548","targetHints":{"allow":["GET"]}}],"collection":[{"href":"https:\/\/www.splinterenergia.com\/fr\/wp-json\/wp\/v2\/pages"}],"about":[{"href":"https:\/\/www.splinterenergia.com\/fr\/wp-json\/wp\/v2\/types\/page"}],"author":[{"embeddable":true,"href":"https:\/\/www.splinterenergia.com\/fr\/wp-json\/wp\/v2\/users\/1"}],"replies":[{"embeddable":true,"href":"https:\/\/www.splinterenergia.com\/fr\/wp-json\/wp\/v2\/comments?post=35548"}],"version-history":[{"count":3,"href":"https:\/\/www.splinterenergia.com\/fr\/wp-json\/wp\/v2\/pages\/35548\/revisions"}],"predecessor-version":[{"id":35648,"href":"https:\/\/www.splinterenergia.com\/fr\/wp-json\/wp\/v2\/pages\/35548\/revisions\/35648"}],"wp:attachment":[{"href":"https:\/\/www.splinterenergia.com\/fr\/wp-json\/wp\/v2\/media?parent=35548"}],"curies":[{"name":"wp","href":"https:\/\/api.w.org\/{rel}","templated":true}]}}