{"id":35541,"date":"2017-11-08T17:57:36","date_gmt":"2017-11-08T17:57:36","guid":{"rendered":"http:\/\/www.splinterenergia.com\/ventajas-medioambientales-2\/"},"modified":"2017-11-22T18:17:03","modified_gmt":"2017-11-22T18:17:03","slug":"ventajas-medioambientales","status":"publish","type":"page","link":"https:\/\/www.splinterenergia.com\/fr\/ventajas-medioambientales\/","title":{"rendered":"Advantage Environnement"},"content":{"rendered":"<div class=\"wpb-content-wrapper\"><div data-min-height=\"215px\" class=\"vc_row wpb_row vc_row-fluid full-width-wrap dt-default\" style=\"padding-left: 0px;padding-right: 0px;margin-top: 0px;margin-bottom: 0px\"><div class=\"wpb_column vc_column_container vc_col-sm-12 vc_col-has-fill\"><div class=\"vc_column-inner vc_custom_1509017462049\"><div class=\"wpb_wrapper\">\n\t<div  class=\"wpb_single_image wpb_content_element vc_align_center  vc_custom_1510163852217\">\n\t\t\n\t\t<figure class=\"wpb_wrapper vc_figure\">\n\t\t\t<div class=\"vc_single_image-wrapper   vc_box_border_grey\"><img loading=\"lazy\" decoding=\"async\" width=\"2000\" height=\"350\" src=\"https:\/\/www.splinterenergia.com\/wp-content\/uploads\/2017\/11\/banner-3.jpg\" class=\"vc_single_image-img attachment-full\" alt=\"\" title=\"banner-3\" srcset=\"https:\/\/www.splinterenergia.com\/wp-content\/uploads\/2017\/11\/banner-3.jpg 2000w, https:\/\/www.splinterenergia.com\/wp-content\/uploads\/2017\/11\/banner-3-300x53.jpg 300w, https:\/\/www.splinterenergia.com\/wp-content\/uploads\/2017\/11\/banner-3-768x134.jpg 768w, https:\/\/www.splinterenergia.com\/wp-content\/uploads\/2017\/11\/banner-3-1024x179.jpg 1024w\" sizes=\"auto, (max-width: 2000px) 100vw, 2000px\"  data-dt-location=\"https:\/\/www.splinterenergia.com\/fr\/ventajas-medioambientales\/banner-3\/\" \/><\/div>\n\t\t<\/figure>\n\t<\/div>\n<\/div><\/div><\/div><\/div><div class=\"vc_row wpb_row vc_row-fluid vc_custom_1510169988773 vc_row-has-fill vc_column-gap-20 vc_row-o-equal-height vc_row-o-content-middle vc_row-flex\"><div class=\"wpb_column vc_column_container vc_col-sm-6 vc_col-has-fill\"><div class=\"vc_column-inner vc_custom_1508929191151\"><div class=\"wpb_wrapper\">\n\t<div class=\"wpb_text_column wpb_content_element  vc_custom_1510177864695\" >\n\t\t<div class=\"wpb_wrapper\">\n\t\t\t<h2>Advantage Environnement<\/h2>\n\n\t\t<\/div>\n\t<\/div>\n\n\t<div  class=\"wpb_single_image wpb_content_element vc_align_center  vc_custom_1510164880562\">\n\t\t\n\t\t<figure class=\"wpb_wrapper vc_figure\">\n\t\t\t<div class=\"vc_single_image-wrapper   vc_box_border_grey\"><img loading=\"lazy\" decoding=\"async\" width=\"2000\" height=\"1330\" src=\"https:\/\/www.splinterenergia.com\/wp-content\/uploads\/2017\/11\/splinter-5.jpg\" class=\"vc_single_image-img attachment-full\" alt=\"\" title=\"splinter-5\" srcset=\"https:\/\/www.splinterenergia.com\/wp-content\/uploads\/2017\/11\/splinter-5.jpg 2000w, https:\/\/www.splinterenergia.com\/wp-content\/uploads\/2017\/11\/splinter-5-300x200.jpg 300w, https:\/\/www.splinterenergia.com\/wp-content\/uploads\/2017\/11\/splinter-5-768x511.jpg 768w, https:\/\/www.splinterenergia.com\/wp-content\/uploads\/2017\/11\/splinter-5-1024x681.jpg 1024w\" sizes=\"auto, (max-width: 2000px) 100vw, 2000px\"  data-dt-location=\"https:\/\/www.splinterenergia.com\/fr\/ventajas-medioambientales\/splinter-5\/\" \/><\/div>\n\t\t<\/figure>\n\t<\/div>\n<\/div><\/div><\/div><div class=\"wpb_column vc_column_container vc_col-sm-6\"><div class=\"vc_column-inner\"><div class=\"wpb_wrapper\"><div class=\"aio-icon-component  vc_custom_1510177872602   style_2\"><div id=\"Info-box-wrap-6123\" class=\"aio-icon-box default-icon\" style=\"\"  ><div class=\"aio-icon-default\"><div class=\"ult-just-icon-wrapper  \"><div class=\"align-icon\" style=\"text-align:center;\">\n<div class=\"aio-icon circle \"  style=\"color:#ffffff;background:#870d0d;font-size:15px;display:inline-block;\">\n\t<i class=\"Defaults-check\"><\/i>\n<\/div><\/div><\/div><\/div><div class=\"aio-icon-header\" ><h3 class=\"aio-icon-title ult-responsive\"  data-ultimate-target='#Info-box-wrap-6123 .aio-icon-title'  data-responsive-json-new='{\"font-size\":\"\",\"line-height\":\"\"}'  style=\"\">Neutre en CO2<\/h3><\/div> <!-- header --><\/div> <!-- aio-icon-box --><\/div> <!-- aio-icon-component --><div class=\"aio-icon-component  vc_custom_1510177880433   style_2\"><div id=\"Info-box-wrap-7896\" class=\"aio-icon-box default-icon\" style=\"\"  ><div class=\"aio-icon-default\"><div class=\"ult-just-icon-wrapper  \"><div class=\"align-icon\" style=\"text-align:center;\">\n<div class=\"aio-icon circle \"  style=\"color:#ffffff;background:#870d0d;font-size:15px;display:inline-block;\">\n\t<i class=\"Defaults-check\"><\/i>\n<\/div><\/div><\/div><\/div><div class=\"aio-icon-header\" ><h3 class=\"aio-icon-title ult-responsive\"  data-ultimate-target='#Info-box-wrap-7896 .aio-icon-title'  data-responsive-json-new='{\"font-size\":\"\",\"line-height\":\"\"}'  style=\"\">Z\u00e9ro risque d\u2019accidents environnementaux<\/h3><\/div> <!-- header --><\/div> <!-- aio-icon-box --><\/div> <!-- aio-icon-component --><div class=\"aio-icon-component  vc_custom_1510177888666   style_2\"><div id=\"Info-box-wrap-8802\" class=\"aio-icon-box default-icon\" style=\"\"  ><div class=\"aio-icon-default\"><div class=\"ult-just-icon-wrapper  \"><div class=\"align-icon\" style=\"text-align:center;\">\n<div class=\"aio-icon circle \"  style=\"color:#ffffff;background:#870d0d;font-size:15px;display:inline-block;\">\n\t<i class=\"Defaults-check\"><\/i>\n<\/div><\/div><\/div><\/div><div class=\"aio-icon-header\" ><h3 class=\"aio-icon-title ult-responsive\"  data-ultimate-target='#Info-box-wrap-8802 .aio-icon-title'  data-responsive-json-new='{\"font-size\":\"\",\"line-height\":\"\"}'  style=\"\">Encourage le d\u00e9veloppement de l\u2019\u00e9conomie locale<\/h3><\/div> <!-- header --><\/div> <!-- aio-icon-box --><\/div> <!-- aio-icon-component --><div class=\"aio-icon-component  vc_custom_1510177897377   style_2\"><div id=\"Info-box-wrap-4686\" class=\"aio-icon-box default-icon\" style=\"\"  ><div class=\"aio-icon-default\"><div class=\"ult-just-icon-wrapper  \"><div class=\"align-icon\" style=\"text-align:center;\">\n<div class=\"aio-icon circle \"  style=\"color:#ffffff;background:#870d0d;font-size:15px;display:inline-block;\">\n\t<i class=\"Defaults-check\"><\/i>\n<\/div><\/div><\/div><\/div><div class=\"aio-icon-header\" ><h3 class=\"aio-icon-title ult-responsive\"  data-ultimate-target='#Info-box-wrap-4686 .aio-icon-title'  data-responsive-json-new='{\"font-size\":\"\",\"line-height\":\"\"}'  style=\"\">R\u00e9duire la d\u00e9pendance \u00e9nerg\u00e9tique ext\u00e9rieure<\/h3><\/div> <!-- header --><\/div> <!-- aio-icon-box --><\/div> <!-- aio-icon-component --><\/div><\/div><\/div><\/div>\n<\/div>","protected":false},"excerpt":{"rendered":"<p>Advantage Environnement Neutre en CO2 Z\u00e9ro risque d\u2019accidents environnementaux Encourage le d\u00e9veloppement de l\u2019\u00e9conomie locale R\u00e9duire la d\u00e9pendance \u00e9nerg\u00e9tique ext\u00e9rieure<\/p>\n","protected":false},"author":1,"featured_media":0,"parent":0,"menu_order":5,"comment_status":"closed","ping_status":"closed","template":"","meta":{"footnotes":""},"class_list":["post-35541","page","type-page","status-publish","hentry","description-off"],"_links":{"self":[{"href":"https:\/\/www.splinterenergia.com\/fr\/wp-json\/wp\/v2\/pages\/35541","targetHints":{"allow":["GET"]}}],"collection":[{"href":"https:\/\/www.splinterenergia.com\/fr\/wp-json\/wp\/v2\/pages"}],"about":[{"href":"https:\/\/www.splinterenergia.com\/fr\/wp-json\/wp\/v2\/types\/page"}],"author":[{"embeddable":true,"href":"https:\/\/www.splinterenergia.com\/fr\/wp-json\/wp\/v2\/users\/1"}],"replies":[{"embeddable":true,"href":"https:\/\/www.splinterenergia.com\/fr\/wp-json\/wp\/v2\/comments?post=35541"}],"version-history":[{"count":1,"href":"https:\/\/www.splinterenergia.com\/fr\/wp-json\/wp\/v2\/pages\/35541\/revisions"}],"predecessor-version":[{"id":35733,"href":"https:\/\/www.splinterenergia.com\/fr\/wp-json\/wp\/v2\/pages\/35541\/revisions\/35733"}],"wp:attachment":[{"href":"https:\/\/www.splinterenergia.com\/fr\/wp-json\/wp\/v2\/media?parent=35541"}],"curies":[{"name":"wp","href":"https:\/\/api.w.org\/{rel}","templated":true}]}}