{"id":35535,"date":"2017-11-08T16:06:59","date_gmt":"2017-11-08T16:06:59","guid":{"rendered":"http:\/\/www.splinterenergia.com\/ventajas-economicas-2\/"},"modified":"2017-11-22T18:16:58","modified_gmt":"2017-11-22T18:16:58","slug":"ventajas-economicas","status":"publish","type":"page","link":"https:\/\/www.splinterenergia.com\/fr\/ventajas-economicas\/","title":{"rendered":"Advantage \u00c9conomique"},"content":{"rendered":"<div class=\"wpb-content-wrapper\"><div data-min-height=\"215px\" class=\"vc_row wpb_row vc_row-fluid full-width-wrap dt-default\" style=\"padding-left: 0px;padding-right: 0px;margin-top: 0px;margin-bottom: 0px\"><div class=\"wpb_column vc_column_container vc_col-sm-12 vc_col-has-fill\"><div class=\"vc_column-inner vc_custom_1509017462049\"><div class=\"wpb_wrapper\">\n\t<div  class=\"wpb_single_image wpb_content_element vc_align_center  vc_custom_1510232079826\">\n\t\t\n\t\t<figure class=\"wpb_wrapper vc_figure\">\n\t\t\t<div class=\"vc_single_image-wrapper   vc_box_border_grey\"><img loading=\"lazy\" decoding=\"async\" width=\"2000\" height=\"350\" src=\"https:\/\/www.splinterenergia.com\/wp-content\/uploads\/2017\/11\/banner-8.jpg\" class=\"vc_single_image-img attachment-full\" alt=\"\" title=\"banner-8\" srcset=\"https:\/\/www.splinterenergia.com\/wp-content\/uploads\/2017\/11\/banner-8.jpg 2000w, https:\/\/www.splinterenergia.com\/wp-content\/uploads\/2017\/11\/banner-8-300x53.jpg 300w, https:\/\/www.splinterenergia.com\/wp-content\/uploads\/2017\/11\/banner-8-768x134.jpg 768w, https:\/\/www.splinterenergia.com\/wp-content\/uploads\/2017\/11\/banner-8-1024x179.jpg 1024w\" sizes=\"auto, (max-width: 2000px) 100vw, 2000px\"  data-dt-location=\"https:\/\/www.splinterenergia.com\/fr\/ventajas-economicas\/banner-8\/\" \/><\/div>\n\t\t<\/figure>\n\t<\/div>\n<\/div><\/div><\/div><\/div><div class=\"vc_row wpb_row vc_row-fluid vc_custom_1510165052476 vc_row-has-fill vc_column-gap-20 vc_row-o-equal-height vc_row-o-content-middle vc_row-flex\"><div class=\"wpb_column vc_column_container vc_col-sm-6 vc_col-has-fill\"><div class=\"vc_column-inner vc_custom_1508929191151\"><div class=\"wpb_wrapper\">\n\t<div class=\"wpb_text_column wpb_content_element  vc_custom_1510177561334\" >\n\t\t<div class=\"wpb_wrapper\">\n\t\t\t<h2>Advantage \u00c9conomique<\/h2>\n\n\t\t<\/div>\n\t<\/div>\n\n\t<div  class=\"wpb_single_image wpb_content_element vc_align_center  vc_custom_1510157117400\">\n\t\t\n\t\t<figure class=\"wpb_wrapper vc_figure\">\n\t\t\t<div class=\"vc_single_image-wrapper   vc_box_border_grey\"><img loading=\"lazy\" decoding=\"async\" width=\"2000\" height=\"1330\" src=\"https:\/\/www.splinterenergia.com\/wp-content\/uploads\/2017\/11\/splinter-2.jpg\" class=\"vc_single_image-img attachment-full\" alt=\"\" title=\"splinter-2\" srcset=\"https:\/\/www.splinterenergia.com\/wp-content\/uploads\/2017\/11\/splinter-2.jpg 2000w, https:\/\/www.splinterenergia.com\/wp-content\/uploads\/2017\/11\/splinter-2-300x200.jpg 300w, https:\/\/www.splinterenergia.com\/wp-content\/uploads\/2017\/11\/splinter-2-768x511.jpg 768w, https:\/\/www.splinterenergia.com\/wp-content\/uploads\/2017\/11\/splinter-2-1024x681.jpg 1024w\" sizes=\"auto, (max-width: 2000px) 100vw, 2000px\"  data-dt-location=\"https:\/\/www.splinterenergia.com\/fr\/ventajas-economicas\/splinter-2-3\/\" \/><\/div>\n\t\t<\/figure>\n\t<\/div>\n<\/div><\/div><\/div><div class=\"wpb_column vc_column_container vc_col-sm-6\"><div class=\"vc_column-inner\"><div class=\"wpb_wrapper\"><div class=\"aio-icon-component  vc_custom_1510177570602   style_2\"><div id=\"Info-box-wrap-9284\" class=\"aio-icon-box default-icon\" style=\"\"  ><div class=\"aio-icon-default\"><div class=\"ult-just-icon-wrapper  \"><div class=\"align-icon\" style=\"text-align:center;\">\n<div class=\"aio-icon circle \"  style=\"color:#ffffff;background:#870d0d;font-size:15px;display:inline-block;\">\n\t<i class=\"Defaults-check\"><\/i>\n<\/div><\/div><\/div><\/div><div class=\"aio-icon-header\" ><h3 class=\"aio-icon-title ult-responsive\"  data-ultimate-target='#Info-box-wrap-9284 .aio-icon-title'  data-responsive-json-new='{\"font-size\":\"\",\"line-height\":\"\"}'  style=\"\">R\u00e9duction imm\u00e9diate des co\u00fbts de l\u2019\u00e9nergie, exploitation et personnel<\/h3><\/div> <!-- header --><\/div> <!-- aio-icon-box --><\/div> <!-- aio-icon-component --><div class=\"aio-icon-component  vc_custom_1510177579026   style_2\"><div id=\"Info-box-wrap-7100\" class=\"aio-icon-box default-icon\" style=\"\"  ><div class=\"aio-icon-default\"><div class=\"ult-just-icon-wrapper  \"><div class=\"align-icon\" style=\"text-align:center;\">\n<div class=\"aio-icon circle \"  style=\"color:#ffffff;background:#870d0d;font-size:15px;display:inline-block;\">\n\t<i class=\"Defaults-check\"><\/i>\n<\/div><\/div><\/div><\/div><div class=\"aio-icon-header\" ><h3 class=\"aio-icon-title ult-responsive\"  data-ultimate-target='#Info-box-wrap-7100 .aio-icon-title'  data-responsive-json-new='{\"font-size\":\"\",\"line-height\":\"\"}'  style=\"\">\u00c9limination des co\u00fbts impr\u00e9vus<\/h3><\/div> <!-- header --><\/div> <!-- aio-icon-box --><\/div> <!-- aio-icon-component --><div class=\"aio-icon-component  vc_custom_1510177587739   style_2\"><div id=\"Info-box-wrap-2387\" class=\"aio-icon-box default-icon\" style=\"\"  ><div class=\"aio-icon-default\"><div class=\"ult-just-icon-wrapper  \"><div class=\"align-icon\" style=\"text-align:center;\">\n<div class=\"aio-icon circle \"  style=\"color:#ffffff;background:#870d0d;font-size:15px;display:inline-block;\">\n\t<i class=\"Defaults-check\"><\/i>\n<\/div><\/div><\/div><\/div><div class=\"aio-icon-header\" ><h3 class=\"aio-icon-title ult-responsive\"  data-ultimate-target='#Info-box-wrap-2387 .aio-icon-title'  data-responsive-json-new='{\"font-size\":\"\",\"line-height\":\"\"}'  style=\"\">Stabilit\u00e9 des prix de l\u2019\u00e9nergie<\/h3><\/div> <!-- header --><\/div> <!-- aio-icon-box --><\/div> <!-- aio-icon-component --><div class=\"aio-icon-component  vc_custom_1510177596826   style_2\"><div id=\"Info-box-wrap-5200\" class=\"aio-icon-box default-icon\" style=\"\"  ><div class=\"aio-icon-default\"><div class=\"ult-just-icon-wrapper  \"><div class=\"align-icon\" style=\"text-align:center;\">\n<div class=\"aio-icon circle \"  style=\"color:#ffffff;background:#870d0d;font-size:15px;display:inline-block;\">\n\t<i class=\"Defaults-check\"><\/i>\n<\/div><\/div><\/div><\/div><div class=\"aio-icon-header\" ><h3 class=\"aio-icon-title ult-responsive\"  data-ultimate-target='#Info-box-wrap-5200 .aio-icon-title'  data-responsive-json-new='{\"font-size\":\"\",\"line-height\":\"\"}'  style=\"\">La s\u00e9curit\u00e9 d\u2019approvisionnement<\/h3><\/div> <!-- header --><\/div> <!-- aio-icon-box --><\/div> <!-- aio-icon-component --><\/div><\/div><\/div><\/div>\n<\/div>","protected":false},"excerpt":{"rendered":"<p>Advantage \u00c9conomique R\u00e9duction imm\u00e9diate des co\u00fbts de l\u2019\u00e9nergie, exploitation et personnel \u00c9limination des co\u00fbts impr\u00e9vus Stabilit\u00e9 des prix de l\u2019\u00e9nergie La s\u00e9curit\u00e9 d\u2019approvisionnement<\/p>\n","protected":false},"author":1,"featured_media":0,"parent":0,"menu_order":5,"comment_status":"closed","ping_status":"closed","template":"","meta":{"footnotes":""},"class_list":["post-35535","page","type-page","status-publish","hentry","description-off"],"_links":{"self":[{"href":"https:\/\/www.splinterenergia.com\/fr\/wp-json\/wp\/v2\/pages\/35535","targetHints":{"allow":["GET"]}}],"collection":[{"href":"https:\/\/www.splinterenergia.com\/fr\/wp-json\/wp\/v2\/pages"}],"about":[{"href":"https:\/\/www.splinterenergia.com\/fr\/wp-json\/wp\/v2\/types\/page"}],"author":[{"embeddable":true,"href":"https:\/\/www.splinterenergia.com\/fr\/wp-json\/wp\/v2\/users\/1"}],"replies":[{"embeddable":true,"href":"https:\/\/www.splinterenergia.com\/fr\/wp-json\/wp\/v2\/comments?post=35535"}],"version-history":[{"count":1,"href":"https:\/\/www.splinterenergia.com\/fr\/wp-json\/wp\/v2\/pages\/35535\/revisions"}],"predecessor-version":[{"id":35605,"href":"https:\/\/www.splinterenergia.com\/fr\/wp-json\/wp\/v2\/pages\/35535\/revisions\/35605"}],"wp:attachment":[{"href":"https:\/\/www.splinterenergia.com\/fr\/wp-json\/wp\/v2\/media?parent=35535"}],"curies":[{"name":"wp","href":"https:\/\/api.w.org\/{rel}","templated":true}]}}