{"id":35526,"date":"2016-02-08T15:50:40","date_gmt":"2016-02-08T15:50:40","guid":{"rendered":"http:\/\/www.splinterenergia.com\/soluciones-2\/"},"modified":"2018-10-16T08:58:35","modified_gmt":"2018-10-16T08:58:35","slug":"soluciones","status":"publish","type":"page","link":"https:\/\/www.splinterenergia.com\/fr\/soluciones\/","title":{"rendered":"Solutions"},"content":{"rendered":"<div class=\"wpb-content-wrapper\"><div data-min-height=\"215px\" class=\"vc_row wpb_row vc_row-fluid full-width-wrap dt-default\" style=\"padding-left: 0px;padding-right: 0px;margin-top: 0px;margin-bottom: 0px\"><div class=\"wpb_column vc_column_container vc_col-sm-12 vc_col-has-fill\"><div class=\"vc_column-inner vc_custom_1509017462049\"><div class=\"wpb_wrapper\">\n\t<div  class=\"wpb_single_image wpb_content_element vc_align_center  vc_custom_1510148150227\">\n\t\t\n\t\t<figure class=\"wpb_wrapper vc_figure\">\n\t\t\t<div class=\"vc_single_image-wrapper   vc_box_border_grey\"><img loading=\"lazy\" decoding=\"async\" width=\"2000\" height=\"350\" src=\"https:\/\/www.splinterenergia.com\/wp-content\/uploads\/2016\/02\/banner-1.jpg\" class=\"vc_single_image-img attachment-full\" alt=\"\" title=\"banner-1\" srcset=\"https:\/\/www.splinterenergia.com\/wp-content\/uploads\/2016\/02\/banner-1.jpg 2000w, https:\/\/www.splinterenergia.com\/wp-content\/uploads\/2016\/02\/banner-1-300x53.jpg 300w, https:\/\/www.splinterenergia.com\/wp-content\/uploads\/2016\/02\/banner-1-768x134.jpg 768w, https:\/\/www.splinterenergia.com\/wp-content\/uploads\/2016\/02\/banner-1-1024x179.jpg 1024w\" sizes=\"auto, (max-width: 2000px) 100vw, 2000px\"  data-dt-location=\"https:\/\/www.splinterenergia.com\/fr\/soluciones\/banner-1\/\" \/><\/div>\n\t\t<\/figure>\n\t<\/div>\n<\/div><\/div><\/div><\/div><div class=\"vc_row wpb_row vc_row-fluid vc_custom_1510165843318 vc_row-has-fill vc_column-gap-20 vc_row-o-equal-height vc_row-o-content-middle vc_row-flex\"><div class=\"wpb_column vc_column_container vc_col-sm-6 vc_col-has-fill\"><div class=\"vc_column-inner vc_custom_1510165640276\"><div class=\"wpb_wrapper\">\n\t<div class=\"wpb_text_column wpb_content_element  vc_custom_1510176789709\" >\n\t\t<div class=\"wpb_wrapper\">\n\t\t\t<h2>Solutions<\/h2>\n\n\t\t<\/div>\n\t<\/div>\n\n\t<div  class=\"wpb_single_image wpb_content_element vc_align_center  vc_custom_1510148039259\">\n\t\t\n\t\t<figure class=\"wpb_wrapper vc_figure\">\n\t\t\t<div class=\"vc_single_image-wrapper   vc_box_border_grey\"><img loading=\"lazy\" decoding=\"async\" width=\"2000\" height=\"1330\" src=\"https:\/\/www.splinterenergia.com\/wp-content\/uploads\/2017\/11\/splinterenergia-slide1.jpg\" class=\"vc_single_image-img attachment-full\" alt=\"\" title=\"splinterenergia-slide1\" srcset=\"https:\/\/www.splinterenergia.com\/wp-content\/uploads\/2017\/11\/splinterenergia-slide1.jpg 2000w, https:\/\/www.splinterenergia.com\/wp-content\/uploads\/2017\/11\/splinterenergia-slide1-300x200.jpg 300w, https:\/\/www.splinterenergia.com\/wp-content\/uploads\/2017\/11\/splinterenergia-slide1-768x511.jpg 768w, https:\/\/www.splinterenergia.com\/wp-content\/uploads\/2017\/11\/splinterenergia-slide1-1024x681.jpg 1024w\" sizes=\"auto, (max-width: 2000px) 100vw, 2000px\"  data-dt-location=\"https:\/\/www.splinterenergia.com\/fr\/splinterenergia-slide1\/\" \/><\/div>\n\t\t<\/figure>\n\t<\/div>\n<\/div><\/div><\/div><div class=\"wpb_column vc_column_container vc_col-sm-6 vc_col-has-fill\"><div class=\"vc_column-inner vc_custom_1510165631393\"><div class=\"wpb_wrapper\">\n\t<div class=\"wpb_text_column wpb_content_element  vc_custom_1510177026791\" >\n\t\t<div class=\"wpb_wrapper\">\n\t\t\t<h4>Conception et gestion globale de projet d\u2019\u00e9nergie<\/h4>\n<p>ESE \u00e9conomique, juridique et technique pour la production d\u2019\u00e9nergie thermique (vapeur, eau chaude, la chaleur et l\u2019huile froide) du projet de biomasse.<\/p>\n\n\t\t<\/div>\n\t<\/div>\n\n\t<div  class=\"wpb_single_image wpb_content_element vc_align_left  vc_custom_1511971854514\">\n\t\t\n\t\t<figure class=\"wpb_wrapper vc_figure\">\n\t\t\t<a href=\"https:\/\/www.splinterenergia.com\/wp-content\/uploads\/2016\/02\/FRANCES.png\" target=\"_self\" data-large_image_width=\"649\" data-large_image_height=\"396\"  class=\"vc_single_image-wrapper   vc_box_border_grey dt-pswp-item rollover rollover-zoom\"  data-pretty-share=\"whatsapp,linkedin,facebook,twitter\"  ><img loading=\"lazy\" decoding=\"async\" width=\"649\" height=\"396\" src=\"https:\/\/www.splinterenergia.com\/wp-content\/uploads\/2016\/02\/FRANCES.png\" class=\"vc_single_image-img attachment-full\" alt=\"\" title=\"FRANCES\" srcset=\"https:\/\/www.splinterenergia.com\/wp-content\/uploads\/2016\/02\/FRANCES.png 649w, https:\/\/www.splinterenergia.com\/wp-content\/uploads\/2016\/02\/FRANCES-300x183.png 300w\" sizes=\"auto, (max-width: 649px) 100vw, 649px\"  data-dt-location=\"https:\/\/www.splinterenergia.com\/fr\/soluciones\/frances\/\" \/><\/a>\n\t\t<\/figure>\n\t<\/div>\n<\/div><\/div><\/div><\/div><div class=\"vc_row wpb_row vc_row-fluid vc_custom_1510165414314 vc_row-has-fill vc_column-gap-20 vc_row-o-equal-height vc_row-o-content-middle vc_row-flex\"><div class=\"wpb_column vc_column_container vc_col-sm-6 vc_col-has-fill\"><div class=\"vc_column-inner vc_custom_1508929191151\"><div class=\"wpb_wrapper\">\n\t<div class=\"wpb_text_column wpb_content_element  vc_custom_1539680271419\" >\n\t\t<div class=\"wpb_wrapper\">\n\t\t\t<h4>Investment financing<\/h4>\n<p>We finance up to 100% of the investment through the model ESE (Energy Services Company).<\/p>\n<p>&nbsp;<\/p>\n<h4>L\u2019approvisionnement en biomasse<\/h4>\n<p>Nous produisons et g\u00e9rons la biomasse selon des crit\u00e8res de proximit\u00e9 pour chaque installation \u00e0 travers l&rsquo;exploitation foresti\u00e8re avec ses propres processus de transformation et de gestion.<\/p>\n<p>&nbsp;<\/p>\n<h4>Qualit\u00e9 et tra\u00e7abilit\u00e9 de l&rsquo;approvisionnement<\/h4>\n<p>Nous sommes certifi\u00e9s dans les normes de qualit\u00e9 <strong>PEFC<\/strong> et <strong>FSC\u00ae<\/strong> qui garantissent la qualit\u00e9 et la tra\u00e7abilit\u00e9 de nos carburants dans un environnement environnemental durable.<\/p>\n\n\t\t<\/div>\n\t<\/div>\n<\/div><\/div><\/div><div class=\"wpb_column vc_column_container vc_col-sm-6\"><div class=\"vc_column-inner\"><div class=\"wpb_wrapper\">\n\t<div  class=\"wpb_single_image wpb_content_element vc_align_center  vc_custom_1510154658105\">\n\t\t\n\t\t<figure class=\"wpb_wrapper vc_figure\">\n\t\t\t<div class=\"vc_single_image-wrapper   vc_box_border_grey\"><img loading=\"lazy\" decoding=\"async\" width=\"2000\" height=\"1330\" src=\"https:\/\/www.splinterenergia.com\/wp-content\/uploads\/2017\/11\/splinterenergia-slide4.jpg\" class=\"vc_single_image-img attachment-full\" alt=\"\" title=\"splinterenergia-slide4\" srcset=\"https:\/\/www.splinterenergia.com\/wp-content\/uploads\/2017\/11\/splinterenergia-slide4.jpg 2000w, https:\/\/www.splinterenergia.com\/wp-content\/uploads\/2017\/11\/splinterenergia-slide4-300x200.jpg 300w, https:\/\/www.splinterenergia.com\/wp-content\/uploads\/2017\/11\/splinterenergia-slide4-768x511.jpg 768w, https:\/\/www.splinterenergia.com\/wp-content\/uploads\/2017\/11\/splinterenergia-slide4-1024x681.jpg 1024w\" sizes=\"auto, (max-width: 2000px) 100vw, 2000px\"  data-dt-location=\"https:\/\/www.splinterenergia.com\/fr\/splinterenergia-slide4\/\" \/><\/div>\n\t\t<\/figure>\n\t<\/div>\n<\/div><\/div><\/div><\/div>\n<\/div>","protected":false},"excerpt":{"rendered":"<p>Solutions Conception et gestion globale de projet d\u2019\u00e9nergie ESE \u00e9conomique, juridique et technique pour la production d\u2019\u00e9nergie thermique (vapeur, eau chaude, la chaleur et l\u2019huile froide) du projet de biomasse. Investment financing We finance up to 100% of the investment through the model ESE (Energy Services Company). &nbsp; L\u2019approvisionnement en biomasse Nous produisons et g\u00e9rons&hellip;<\/p>\n","protected":false},"author":1,"featured_media":0,"parent":0,"menu_order":5,"comment_status":"closed","ping_status":"closed","template":"","meta":{"footnotes":""},"class_list":["post-35526","page","type-page","status-publish","hentry","description-off"],"_links":{"self":[{"href":"https:\/\/www.splinterenergia.com\/fr\/wp-json\/wp\/v2\/pages\/35526","targetHints":{"allow":["GET"]}}],"collection":[{"href":"https:\/\/www.splinterenergia.com\/fr\/wp-json\/wp\/v2\/pages"}],"about":[{"href":"https:\/\/www.splinterenergia.com\/fr\/wp-json\/wp\/v2\/types\/page"}],"author":[{"embeddable":true,"href":"https:\/\/www.splinterenergia.com\/fr\/wp-json\/wp\/v2\/users\/1"}],"replies":[{"embeddable":true,"href":"https:\/\/www.splinterenergia.com\/fr\/wp-json\/wp\/v2\/comments?post=35526"}],"version-history":[{"count":4,"href":"https:\/\/www.splinterenergia.com\/fr\/wp-json\/wp\/v2\/pages\/35526\/revisions"}],"predecessor-version":[{"id":35841,"href":"https:\/\/www.splinterenergia.com\/fr\/wp-json\/wp\/v2\/pages\/35526\/revisions\/35841"}],"wp:attachment":[{"href":"https:\/\/www.splinterenergia.com\/fr\/wp-json\/wp\/v2\/media?parent=35526"}],"curies":[{"name":"wp","href":"https:\/\/api.w.org\/{rel}","templated":true}]}}