{"id":35510,"date":"2016-02-07T10:02:23","date_gmt":"2016-02-07T10:02:23","guid":{"rendered":"http:\/\/www.splinterenergia.com\/home-2-2\/"},"modified":"2024-12-18T14:18:21","modified_gmt":"2024-12-18T14:18:21","slug":"home-2","status":"publish","type":"page","link":"https:\/\/www.splinterenergia.com\/fr\/","title":{"rendered":"Accueil"},"content":{"rendered":"<div class=\"wpb-content-wrapper\"><div class=\"vc_row wpb_row vc_row-fluid vc_custom_1509039780147 vc_row-o-equal-height vc_row-o-content-middle vc_row-flex\"><div class=\"wpb_column vc_column_container vc_col-sm-12\"><div class=\"vc_column-inner\"><div class=\"wpb_wrapper\"><style type=\"text\/css\" data-type=\"the7_shortcodes-inline-css\">.carousel-shortcode.carousel-shortcode-id-cb21ed0fd491fb0d383413b6e6964a67.owl-carousel .owl-nav div {\n  width: 36px;\n  height: 36px;\n  border-radius: 500px;\n}\n.dt-arrow-border-on.carousel-shortcode.carousel-shortcode-id-cb21ed0fd491fb0d383413b6e6964a67.owl-carousel .owl-nav div:not(:hover):before {\n  border-width: 0px;\n}\n.dt-arrow-hover-border-on.carousel-shortcode.carousel-shortcode-id-cb21ed0fd491fb0d383413b6e6964a67.owl-carousel .owl-nav div:hover:after {\n  border-width: 0px;\n}\n.carousel-shortcode.carousel-shortcode-id-cb21ed0fd491fb0d383413b6e6964a67.owl-carousel .owl-nav div.owl-prev {\n  top: 50%;\n  transform: translateY(calc(-50% + 0px));\n  left: -55px;\n}\n@media all and (-ms-high-contrast: none) {\n  .carousel-shortcode.carousel-shortcode-id-cb21ed0fd491fb0d383413b6e6964a67.owl-carousel .owl-nav div.owl-prev {\n    transform: translateY(-50%);\n    margin-top: 0px;\n  }\n}\n.carousel-shortcode.carousel-shortcode-id-cb21ed0fd491fb0d383413b6e6964a67.owl-carousel .owl-nav div.owl-prev i {\n  padding: 0px 0px 0px 0px;\n}\n.carousel-shortcode.carousel-shortcode-id-cb21ed0fd491fb0d383413b6e6964a67.owl-carousel .owl-nav div.owl-next {\n  top: 50%;\n  transform: translateY(calc(-50% + 0px));\n  right: -55px;\n}\n@media all and (-ms-high-contrast: none) {\n  .carousel-shortcode.carousel-shortcode-id-cb21ed0fd491fb0d383413b6e6964a67.owl-carousel .owl-nav div.owl-next {\n    transform: translateY(-50%);\n    margin-top: 0px;\n  }\n}\n.carousel-shortcode.carousel-shortcode-id-cb21ed0fd491fb0d383413b6e6964a67.owl-carousel .owl-nav div.owl-next i {\n  padding: 0px 0px 0px 0px;\n}\n.carousel-shortcode.carousel-shortcode-id-cb21ed0fd491fb0d383413b6e6964a67.owl-carousel .owl-nav i {\n  font-size: 30px;\n}\n.carousel-shortcode.carousel-shortcode-id-cb21ed0fd491fb0d383413b6e6964a67.owl-carousel .owl-nav div:hover i,\n.carousel-shortcode.carousel-shortcode-id-cb21ed0fd491fb0d383413b6e6964a67.owl-carousel .owl-nav div:hover i:before {\n  color: #111111;\n  background: none;\n}\n.carousel-shortcode.carousel-shortcode-id-cb21ed0fd491fb0d383413b6e6964a67 .owl-dots {\n  top: calc(100% + 20px);\n  left: 50%;\n  transform: translateX(calc(-50% + 0px));\n}\n@media all and (-ms-high-contrast: none) {\n  .carousel-shortcode.carousel-shortcode-id-cb21ed0fd491fb0d383413b6e6964a67 .owl-dots {\n    transform: translateX(-50%);\n    margin-left: 0px;\n  }\n}\n.carousel-shortcode.carousel-shortcode-id-cb21ed0fd491fb0d383413b6e6964a67 .owl-dot {\n  width: 10px;\n  height: 10px;\n  margin: 0 8px;\n}\n@media screen and (max-width: 778px) {\n  .carousel-shortcode.carousel-shortcode-id-cb21ed0fd491fb0d383413b6e6964a67.hide-arrows .owl-nav a {\n    display: none;\n  }\n}\n@media screen and (max-width: 990px) {\n  .carousel-shortcode.carousel-shortcode-id-cb21ed0fd491fb0d383413b6e6964a67.reposition-arrows .owl-nav .owl-prev {\n    top: 50%;\n    transform: translateY(calc(-50% + 0px));\n    left: -20px;\n  }\n  .carousel-shortcode.carousel-shortcode-id-cb21ed0fd491fb0d383413b6e6964a67.reposition-arrows .owl-nav .owl-next {\n    top: 50%;\n    transform: translateY(calc(-50% + 0px));\n    right: -20px;\n  }\n}\n@media screen and (max-width: 990px) and all and (-ms-high-contrast: none) {\n  .carousel-shortcode.carousel-shortcode-id-cb21ed0fd491fb0d383413b6e6964a67.reposition-arrows .owl-nav .owl-prev {\n    transform: translateY(-50%);\n    margin-top: 0px;\n  }\n}\n@media screen and (max-width: 990px) and all and (-ms-high-contrast: none) {\n  .carousel-shortcode.carousel-shortcode-id-cb21ed0fd491fb0d383413b6e6964a67.reposition-arrows .owl-nav .owl-next {\n    transform: translateY(-50%);\n    margin-top: 0px;\n  }\n}\n<\/style><div class=\"owl-carousel carousel-shortcode dt-owl-carousel-call carousel-shortcode-id-cb21ed0fd491fb0d383413b6e6964a67 bullets-small-dot-stroke reposition-arrows arrows-bg-off dt-arrow-border-on dt-arrow-hover-border-on disable-arrows-hover-bg arrows-hover-bg-off  \" data-scroll-mode=\"1\" data-col-num=\"4\" data-wide-col-num=\"4\" data-laptop-col=\"3\" data-h-tablet-columns-num=\"3\" data-v-tablet-columns-num=\"2\" data-phone-columns-num=\"1\" data-auto-height=\"false\" data-col-gap=\"30\" data-stage-padding=\"0\" data-speed=\"800\" data-autoplay=\"false\" data-autoplay_speed=\"6000\" data-arrows=\"true\" data-bullet=\"false\" data-next-icon=\"icon-ar-020-r\" data-prev-icon=\"icon-ar-020-l\"><div class=\"vc_row wpb_row vc_inner vc_row-fluid\"><div class=\"wpb_column vc_column_container vc_col-sm-12\"><div class=\"vc_column-inner\"><div class=\"wpb_wrapper\"><div class=\"aio-icon-component  vc_custom_1510175072338  accent-icon-bg style_2\"><div id=\"Info-box-wrap-8181\" class=\"aio-icon-box top-icon\" style=\"\"  ><div class=\"aio-icon-top\"><div class=\"ult-just-icon-wrapper  \"><div class=\"align-icon\" style=\"text-align:center;\">\n<div class=\"aio-icon-img \" style=\"font-size:71px;display:inline-block;\" >\n\t<img decoding=\"async\" class=\"img-icon\" alt=\"null\" src=\"https:\/\/www.splinterenergia.com\/wp-content\/uploads\/2016\/02\/splinter-icon-11.png\"\/>\n<\/div><\/div><\/div><\/div><div class=\"aio-icon-header\" ><h3 class=\"aio-icon-title ult-responsive\"  data-ultimate-target='#Info-box-wrap-8181 .aio-icon-title'  data-responsive-json-new='{\"font-size\":\"desktop:20px;\",\"line-height\":\"desktop:30px;\"}'  style=\"font-weight:bold;color:#000000;\">Solutions<\/h3><\/div> <!-- header --><div class=\"aio-icon-description ult-responsive\"  data-ultimate-target='#Info-box-wrap-8181 .aio-icon-description'  data-responsive-json-new='{\"font-size\":\"desktop:14px;\",\"line-height\":\"desktop:24px;\"}'  style=\"color:#666666;\">Conception et gestion globale de projet d\u2019\u00e9nergie. ESE \u00e9conomique, juridique et technique pour la production d\u2019\u00e9nergie thermique (vapeur, eau chaude, la chaleur et l\u2019huile froide) du projet de biomasse.<\/div> <!-- description --><\/div> <!-- aio-icon-box --><\/div> <!-- aio-icon-component --><\/div><\/div><\/div><\/div><div class=\"vc_row wpb_row vc_inner vc_row-fluid\"><div class=\"wpb_column vc_column_container vc_col-sm-12\"><div class=\"vc_column-inner\"><div class=\"wpb_wrapper\"><div class=\"aio-icon-component  vc_custom_1510175121299  accent-icon-bg style_2\"><div id=\"Info-box-wrap-1129\" class=\"aio-icon-box top-icon\" style=\"\"  ><div class=\"aio-icon-top\"><div class=\"ult-just-icon-wrapper  \"><div class=\"align-icon\" style=\"text-align:center;\">\n<div class=\"aio-icon-img \" style=\"font-size:71px;display:inline-block;\" >\n\t<img decoding=\"async\" class=\"img-icon\" alt=\"null\" src=\"https:\/\/www.splinterenergia.com\/wp-content\/uploads\/2016\/02\/splinter-icon-22.png\"\/>\n<\/div><\/div><\/div><\/div><div class=\"aio-icon-header\" ><h3 class=\"aio-icon-title ult-responsive\"  data-ultimate-target='#Info-box-wrap-1129 .aio-icon-title'  data-responsive-json-new='{\"font-size\":\"desktop:20px;\",\"line-height\":\"desktop:30px;\"}'  style=\"font-weight:bold;color:#000000;\">Applications<\/h3><\/div> <!-- header --><div class=\"aio-icon-description ult-responsive\"  data-ultimate-target='#Info-box-wrap-1129 .aio-icon-description'  data-responsive-json-new='{\"font-size\":\"desktop:14px;\",\"line-height\":\"desktop:24px;\"}'  style=\"color:#666666;\">Notre objectif est de fournir une alternative efficace et efficiente aux combustibles fossiles dans l\u2019\u00e9lectricit\u00e9 et la production de chaleur dans toutes les applications (production de vapeur, le syst\u00e8me de refroidissement de l\u2019eau et positifs).<\/div> <!-- description --><\/div> <!-- aio-icon-box --><\/div> <!-- aio-icon-component --><\/div><\/div><\/div><\/div><div class=\"vc_row wpb_row vc_inner vc_row-fluid\"><div class=\"wpb_column vc_column_container vc_col-sm-12\"><div class=\"vc_column-inner\"><div class=\"wpb_wrapper\"><div class=\"aio-icon-component  vc_custom_1510175198682  accent-icon-bg style_2\"><div id=\"Info-box-wrap-4407\" class=\"aio-icon-box top-icon\" style=\"\"  ><div class=\"aio-icon-top\"><div class=\"ult-just-icon-wrapper  \"><div class=\"align-icon\" style=\"text-align:center;\">\n<div class=\"aio-icon-img \" style=\"font-size:71px;display:inline-block;\" >\n\t<img decoding=\"async\" class=\"img-icon\" alt=\"null\" src=\"https:\/\/www.splinterenergia.com\/wp-content\/uploads\/2016\/02\/splinter-icon-33.png\"\/>\n<\/div><\/div><\/div><\/div><div class=\"aio-icon-header\" ><h3 class=\"aio-icon-title ult-responsive\"  data-ultimate-target='#Info-box-wrap-4407 .aio-icon-title'  data-responsive-json-new='{\"font-size\":\"desktop:20px;\",\"line-height\":\"desktop:30px;\"}'  style=\"font-weight:bold;color:#000000;\">Advantages economique<\/h3><\/div> <!-- header --><div class=\"aio-icon-description ult-responsive\"  data-ultimate-target='#Info-box-wrap-4407 .aio-icon-description'  data-responsive-json-new='{\"font-size\":\"desktop:14px;\",\"line-height\":\"desktop:24px;\"}'  style=\"color:#666666;\">R\u00e9duction imm\u00e9diate des co\u00fbts de l\u2019\u00e9nergie, exploitation et personnel.\u00a0\u00c9limination des co\u00fbts impr\u00e9vus.\u00a0Stabilit\u00e9 des prix de l\u2019\u00e9nergie.\u00a0La s\u00e9curit\u00e9 d\u2019approvisionnement.<\/div> <!-- description --><\/div> <!-- aio-icon-box --><\/div> <!-- aio-icon-component --><\/div><\/div><\/div><\/div><div class=\"vc_row wpb_row vc_inner vc_row-fluid\"><div class=\"wpb_column vc_column_container vc_col-sm-12\"><div class=\"vc_column-inner\"><div class=\"wpb_wrapper\"><div class=\"aio-icon-component  vc_custom_1510175260082  accent-icon-bg style_2\"><div id=\"Info-box-wrap-1535\" class=\"aio-icon-box top-icon\" style=\"\"  ><div class=\"aio-icon-top\"><div class=\"ult-just-icon-wrapper  \"><div class=\"align-icon\" style=\"text-align:center;\">\n<div class=\"aio-icon-img \" style=\"font-size:71px;display:inline-block;\" >\n\t<img decoding=\"async\" class=\"img-icon\" alt=\"null\" src=\"https:\/\/www.splinterenergia.com\/wp-content\/uploads\/2016\/02\/splinter-icon-44.png\"\/>\n<\/div><\/div><\/div><\/div><div class=\"aio-icon-header\" ><h3 class=\"aio-icon-title ult-responsive\"  data-ultimate-target='#Info-box-wrap-1535 .aio-icon-title'  data-responsive-json-new='{\"font-size\":\"desktop:20px;\",\"line-height\":\"desktop:30px;\"}'  style=\"font-weight:bold;color:#000000;\">Advantages environnement<\/h3><\/div> <!-- header --><div class=\"aio-icon-description ult-responsive\"  data-ultimate-target='#Info-box-wrap-1535 .aio-icon-description'  data-responsive-json-new='{\"font-size\":\"desktop:14px;\",\"line-height\":\"desktop:24px;\"}'  style=\"color:#666666;\">Neutre en CO2.\u00a0Z\u00e9ro risque d\u2019accidents environnementaux.\u00a0Encourage le d\u00e9veloppement de l\u2019\u00e9conomie locale.\u00a0R\u00e9duire la d\u00e9pendance \u00e9nerg\u00e9tique ext\u00e9rieure.<\/div> <!-- description --><\/div> <!-- aio-icon-box --><\/div> <!-- aio-icon-component --><\/div><\/div><\/div><\/div><\/div><\/div><\/div><\/div><\/div><!-- Row Backgrounds --><div class=\"upb_color\" data-bg-override=\"ex-full\" data-bg-color=\"#ebebeb\" data-fadeout=\"\" data-fadeout-percentage=\"30\" data-parallax-content=\"\" data-parallax-content-sense=\"30\" data-row-effect-mobile-disable=\"true\" data-img-parallax-mobile-disable=\"true\" data-rtl=\"false\"  data-custom-vc-row=\"\"  data-vc=\"8.5\"  data-is_old_vc=\"\"  data-theme-support=\"\"   data-overlay=\"false\" data-overlay-color=\"\" data-overlay-pattern=\"\" data-overlay-pattern-opacity=\"\" data-overlay-pattern-size=\"\"    ><\/div><div class=\"vc_row wpb_row vc_row-fluid vc_custom_1508887884185 vc_row-o-equal-height vc_row-o-content-middle vc_row-flex\"><div class=\"wpb_column vc_column_container vc_col-sm-12 vc_col-lg-6 vc_col-md-7\"><div class=\"vc_column-inner vc_custom_1491687100695\"><div class=\"wpb_wrapper\">\n\t<div class=\"wpb_text_column wpb_content_element \" >\n\t\t<div class=\"wpb_wrapper\">\n\t\t\t<h2><span style=\"color: #870d0d;\">Splinter \u00c9nergie<\/span><\/h2>\n\n\t\t<\/div>\n\t<\/div>\n\n\t<div class=\"wpb_text_column wpb_content_element  vc_custom_1511286572945\" >\n\t\t<div class=\"wpb_wrapper\">\n\t\t\t<p><strong>\u00c9quipe de travail<\/strong><br \/>\nSplinter est compos\u00e9 de personnes sp\u00e9cialis\u00e9es avec une vaste exp\u00e9rience dans toutes les phases de la production d&rsquo;\u00e9nergie de la biomasse.<\/p>\n<p><strong>Plus de 400 \u00e9tablissements<\/strong><br \/>\nDe vastes installations industrielles de r\u00e9f\u00e9rence avec des capacit\u00e9s de 1-65 MW thermique<\/p>\n<p><strong>L\u2019approvisionnement en biomasse propre<\/strong><br \/>\nNous fabriquons et g\u00e9rons plus de 100 000 t \/ an en utilisant ses propres ressources.<\/p>\n<p><strong>Solution compl\u00e8te<\/strong><br \/>\nLes connaissances acquises et notre personnel d\u00e9vou\u00e9 nous permettra d\u2019optimiser les performances et la disponibilit\u00e9 de l\u2019installation en augmentant la qualit\u00e9 de la vapeur et de la r\u00e9duction des risques.<\/p>\n\n\t\t<\/div>\n\t<\/div>\n<\/div><\/div><\/div><div class=\"wpb_column vc_column_container vc_col-sm-12 vc_col-lg-6 vc_col-md-5\"><div class=\"vc_column-inner vc_custom_1491687110690\"><div class=\"wpb_wrapper\"><style type=\"text\/css\" data-type=\"the7_shortcodes-inline-css\">.shortcode-single-image-wrap.shortcode-single-image-5cf5d887b7f676263ba53ed642550084.enable-bg-rollover .rollover i,\n.shortcode-single-image-wrap.shortcode-single-image-5cf5d887b7f676263ba53ed642550084.enable-bg-rollover .rollover-video i {\n  background: -webkit-linear-gradient();\n  background: linear-gradient();\n}\n.shortcode-single-image-wrap.shortcode-single-image-5cf5d887b7f676263ba53ed642550084 .rollover-icon {\n  font-size: 32px;\n  color: #ffffff;\n  min-width: 44px;\n  min-height: 44px;\n  line-height: 44px;\n  border-radius: 100px;\n  border-style: solid;\n  border-width: 0px;\n}\n.dt-icon-bg-on.shortcode-single-image-wrap.shortcode-single-image-5cf5d887b7f676263ba53ed642550084 .rollover-icon {\n  background: rgba(255,255,255,0.3);\n  box-shadow: none;\n}\n<\/style><div class=\"shortcode-single-image-wrap shortcode-single-image-5cf5d887b7f676263ba53ed642550084 alignnone  vc_custom_1510060380424 enable-bg-rollover dt-icon-bg-off\"  data-pretty-share=\"whatsapp,linkedin,facebook,twitter\"><div class=\"shortcode-single-image\"><div class=\"fancy-media-wrap\" style=\"\"><div class=\"layzr-bg rollover-video\" style=\"\"><img fetchpriority=\"high\" decoding=\"async\" class=\"preload-me lazy-load aspect\" src=\"data:image\/svg+xml,%3Csvg%20xmlns%3D&#39;http%3A%2F%2Fwww.w3.org%2F2000%2Fsvg&#39;%20viewBox%3D&#39;0%200%20552%20386&#39;%2F%3E\" data-src=\"https:\/\/www.splinterenergia.com\/wp-content\/uploads\/2016\/02\/video-splinter-552x386.jpg\" data-srcset=\"https:\/\/www.splinterenergia.com\/wp-content\/uploads\/2016\/02\/video-splinter-552x386.jpg 552w\" loading=\"eager\" style=\"--ratio: 552 \/ 386\" sizes=\"(max-width: 552px) 100vw, 552px\" width=\"552\" height=\"386\"  data-dt-location=\"https:\/\/www.splinterenergia.com\/fr\/home-2\/video-splinter\/\" alt=\"\" \/><a class=\"video-icon dt-pswp-item pswp-video\" href=\"http:\/\/www.splinterenergia.com\/wp-content\/uploads\/2017\/11\/splinterenergia.mp4\" title=\"video\" data-dt-img-description=\"\"><\/a><\/div><\/div><\/div><\/div><\/div><\/div><\/div><\/div>\n<\/div>","protected":false},"excerpt":{"rendered":"<p>Splinter \u00c9nergie \u00c9quipe de travail Splinter est compos\u00e9 de personnes sp\u00e9cialis\u00e9es avec une vaste exp\u00e9rience dans toutes les phases de la production d&rsquo;\u00e9nergie de la biomasse. Plus de 400 \u00e9tablissements De vastes installations industrielles de r\u00e9f\u00e9rence avec des capacit\u00e9s de 1-65 MW thermique L\u2019approvisionnement en biomasse propre Nous fabriquons et g\u00e9rons plus de 100 000&hellip;<\/p>\n","protected":false},"author":1,"featured_media":0,"parent":0,"menu_order":1,"comment_status":"closed","ping_status":"closed","template":"","meta":{"footnotes":""},"class_list":["post-35510","page","type-page","status-publish","hentry","description-off"],"_links":{"self":[{"href":"https:\/\/www.splinterenergia.com\/fr\/wp-json\/wp\/v2\/pages\/35510","targetHints":{"allow":["GET"]}}],"collection":[{"href":"https:\/\/www.splinterenergia.com\/fr\/wp-json\/wp\/v2\/pages"}],"about":[{"href":"https:\/\/www.splinterenergia.com\/fr\/wp-json\/wp\/v2\/types\/page"}],"author":[{"embeddable":true,"href":"https:\/\/www.splinterenergia.com\/fr\/wp-json\/wp\/v2\/users\/1"}],"replies":[{"embeddable":true,"href":"https:\/\/www.splinterenergia.com\/fr\/wp-json\/wp\/v2\/comments?post=35510"}],"version-history":[{"count":3,"href":"https:\/\/www.splinterenergia.com\/fr\/wp-json\/wp\/v2\/pages\/35510\/revisions"}],"predecessor-version":[{"id":35822,"href":"https:\/\/www.splinterenergia.com\/fr\/wp-json\/wp\/v2\/pages\/35510\/revisions\/35822"}],"wp:attachment":[{"href":"https:\/\/www.splinterenergia.com\/fr\/wp-json\/wp\/v2\/media?parent=35510"}],"curies":[{"name":"wp","href":"https:\/\/api.w.org\/{rel}","templated":true}]}}